{"id":1976,"date":"2017-02-23T09:05:58","date_gmt":"2017-02-23T09:05:58","guid":{"rendered":"http:\/\/www.tior.ch\/foft\/"},"modified":"2017-03-21T15:45:12","modified_gmt":"2017-03-21T15:45:12","slug":"foft","status":"publish","type":"page","link":"https:\/\/tior.ch\/webtior\/de\/foft\/","title":{"rendered":"FOFT"},"content":{"rendered":"<div class=\"wpb-content-wrapper\"><p>[vc_row][vc_column][rev_slider_vc alias=&#8220;foft_de&#8220;][\/vc_column][\/vc_row][vc_row][vc_column][vc_row_inner][vc_column_inner width=&#8220;3\/4&#8243;][vc_column_text]Die <strong>FOFT<\/strong> (Federazione Orto-Frutticola Ticinese\/Genossenschaft der Tessiner Gem\u00fcse- und Fr\u00fcchteproduzenten) w\u00fcrde 1937 gegr\u00fcndet um dem Anspruch besser und auch langfristig gesehen gerecht zu werden, die Produktion des Tessiner Gem\u00fcseanbaus zu koordinieren und zu kommerzialisieren. Auch wenn \u2013 nach \u00fcber 75 Jahren \u2013 der soziale Ansatz immer noch derselbe ist, bleibt auch der Wille bestehen, den Gem\u00fcseanbausektor weiterhin zu vermarkten und zu verteidigen, um der Landwirtschaft eine Zukunft zu garantieren.<\/p>\n<p>Die FOFT arbeitet mit entschiedenem Willen und Einsatz daran Arbeitspl\u00e4tze zu erhalten, die Rolle als \u201cerste Quelle der Versorgung\u201d weiter auszubauen, Erhaltung von Landwirtschafts- und Gr\u00fcnzonen zu garantieren, Landschaftspflege zu betreiben und am \u00f6konomischen und sozialen Aufbau des Kantons mitzuwirken. Dies Alles im Wissen, dass Konzepte, sowie kurze Agrar- und Ern\u00e4hrungswege und eine gesunde Ern\u00e4hrung immer wichtiger werden.[\/vc_column_text][\/vc_column_inner][vc_column_inner width=&#8220;1\/4&#8243;][vc_single_image image=&#8220;41&#8243; img_size=&#8220;full&#8220; alignment=&#8220;center&#8220; image_hovers=&#8220;false&#8220;][\/vc_column_inner][\/vc_row_inner][\/vc_column][\/vc_row]<\/p>\n<\/div>","protected":false},"excerpt":{"rendered":"<p>[vc_row][vc_column][rev_slider_vc alias=&#8220;foft_de&#8220;][\/vc_column][\/vc_row][vc_row][vc_column][vc_row_inner][vc_column_inner width=&#8220;3\/4&#8243;][vc_column_text]Die FOFT (Federazione Orto-Frutticola Ticinese\/Genossenschaft der Tessiner Gem\u00fcse- und Fr\u00fcchteproduzenten) w\u00fcrde 1937 gegr\u00fcndet um dem Anspruch besser und auch langfristig gesehen gerecht zu werden, die Produktion des Tessiner Gem\u00fcseanbaus zu koordinieren und zu kommerzialisieren. Auch wenn \u2013 nach \u00fcber 75 Jahren \u2013 der soziale Ansatz immer noch derselbe ist, bleibt auch der Wille&hellip;<\/p>\n","protected":false},"author":1,"featured_media":0,"parent":0,"menu_order":0,"comment_status":"closed","ping_status":"closed","template":"","meta":{"footnotes":""},"class_list":["post-1976","page","type-page","status-publish","hentry","description-off"],"_links":{"self":[{"href":"https:\/\/tior.ch\/webtior\/de\/wp-json\/wp\/v2\/pages\/1976","targetHints":{"allow":["GET"]}}],"collection":[{"href":"https:\/\/tior.ch\/webtior\/de\/wp-json\/wp\/v2\/pages"}],"about":[{"href":"https:\/\/tior.ch\/webtior\/de\/wp-json\/wp\/v2\/types\/page"}],"author":[{"embeddable":true,"href":"https:\/\/tior.ch\/webtior\/de\/wp-json\/wp\/v2\/users\/1"}],"replies":[{"embeddable":true,"href":"https:\/\/tior.ch\/webtior\/de\/wp-json\/wp\/v2\/comments?post=1976"}],"version-history":[{"count":3,"href":"https:\/\/tior.ch\/webtior\/de\/wp-json\/wp\/v2\/pages\/1976\/revisions"}],"predecessor-version":[{"id":1984,"href":"https:\/\/tior.ch\/webtior\/de\/wp-json\/wp\/v2\/pages\/1976\/revisions\/1984"}],"wp:attachment":[{"href":"https:\/\/tior.ch\/webtior\/de\/wp-json\/wp\/v2\/media?parent=1976"}],"curies":[{"name":"wp","href":"https:\/\/api.w.org\/{rel}","templated":true}]}}