{"id":2044,"date":"2017-02-23T10:51:27","date_gmt":"2017-02-23T10:51:27","guid":{"rendered":"http:\/\/www.tior.ch\/foft\/storia\/"},"modified":"2025-07-07T09:10:59","modified_gmt":"2025-07-07T09:10:59","slug":"geschichte","status":"publish","type":"page","link":"https:\/\/tior.ch\/webtior\/de\/foft\/geschichte\/","title":{"rendered":"Geschichte"},"content":{"rendered":"<div class=\"wpb-content-wrapper\"><p>[vc_row][vc_column][rev_slider_vc alias=&#8220;storia_de&#8220;][\/vc_column][\/vc_row][vc_row][vc_column]<div class=\"dt-fancy-separator title-left h4-size accent-title-color\" style=\"width: 100%;\"><div class=\"dt-fancy-title\"><span class=\"separator-holder separator-left\"><\/span>1937 \u2013 1962 Die Anf\u00e4nge<span class=\"separator-holder separator-right\"><\/span><\/div><\/div><div class=\"ult-spacer spacer-69e1837175dc1\" data-id=\"69e1837175dc1\" data-height=\"30\" data-height-mobile=\"30\" data-height-tab=\"30\" data-height-tab-portrait=\"\" data-height-mobile-landscape=\"\" style=\"clear:both;display:block;\"><\/div>[vc_row_inner][vc_column_inner width=&#8220;1\/2&#8243;][vc_column_text]Die Geschichte der Genossenschaft FOFT reicht zur\u00fcck bis zum 7. Juni 1937, als eine Gruppe vision\u00e4rer Personen in Lugano die erste Niederlassung er\u00f6ffnet. Das Ereignis ist dem damaligen Staatsrat Angiolo Martignoni zu verdanken, der im M\u00e4rz 1936 eine Einrichtung f\u00fcr die Abnahme und den Vertrieb von Erzeugnissen genehmigt, die jedoch Regelungen f\u00fcr den Anbau, eine qualitative Sortierung und gemeing\u00fcltige Bewertungskriterien anwenden solle. Martignoni errichtet eine Treuhand-Kommission, die sich aus hauptberuflichen Ge- m\u00fcsebauern zusammensetzt. Ihre Aufgabe ist es, ein Konzept f\u00fcr eine k\u00fcnftige, perfekt funktionierende Gemeinschaft von Tessiner Obst- und Gem\u00fcsebauern auszuarbeiten. Es werden 6 Sektionen gegr\u00fcndet (Mendrisio, Lugano, Malcantone, Locarno, Bellinzona, Biasca) und das erste Betreiberkomitee bestimmt, das die Leistung der ersten Arbeitsgruppe um neue Ideen erweitert. Von besonderer Bedeutung ist einerseits das Einf\u00fchren eines Kontrollsystems f\u00fcr Erzeugnisse aus dem Tessin und das anlegen eines Werbefonds f\u00fcr das regionale Obst und Gem\u00fcse.[\/vc_column_text][\/vc_column_inner][vc_column_inner width=&#8220;1\/2&#8243;][vc_column_text]AAm 8. November 1937 reicht die Treuhand-Kommission beim Staatsrat den Antrag f\u00fcr eine Finanzierung in H\u00f6he von CHF 50\u2019000 ein. Am 10. M\u00e4rz 1938 wird in Gordola die erste Dele- giertenversammlung des Gem\u00fcsebausektors abgehalten. Auf diesen Tag l\u00e4sst sich die offizielle Gr\u00fcndung des Tessiner Verbands der Obst- und Gem\u00fcsebauern FOFT (Federazione ortofrutticola ticinese) festlegen. Die Leitung \u00fcbernimmt Carlo Cattori aus Tenero. In den 1940er Jahren finden einige einschlagende Ereignisse statt. So wird ein kantonaler Fachausschuss f\u00fcr den Gem\u00fcsebau einge- richtet, an dem sich lokale Fach- leute und Produzenten beteiligen. Entscheidend ist auch die Arbeit des ersten und langj\u00e4hrigen Direk- tors, Spartaco Tencalla, dem der Zugang zu vielen neuen Handelspartnern zu verdanken ist. Zwischen 1950 und 1960 steigt die Produktion bedeutend an. Dieser Aufschwung ist u.a. durch die ers- ten im Tessin erbauten Gew\u00e4chsh\u00e4user m\u00f6glich.[\/vc_column_text][\/vc_column_inner][\/vc_row_inner][vc_single_image image=&#8220;142&#8243; img_size=&#8220;full&#8220; alignment=&#8220;center&#8220; onclick=&#8220;link_image&#8220;][vc_row_inner][vc_column_inner width=&#8220;1\/3&#8243;][vc_single_image image=&#8220;148&#8243; img_size=&#8220;full&#8220; alignment=&#8220;center&#8220; onclick=&#8220;link_image&#8220;][\/vc_column_inner][vc_column_inner width=&#8220;2\/3&#8243;][vc_single_image image=&#8220;151&#8243; img_size=&#8220;full&#8220; alignment=&#8220;center&#8220; onclick=&#8220;link_image&#8220;][\/vc_column_inner][\/vc_row_inner]<div class=\"ult-spacer spacer-69e1837175dfc\" data-id=\"69e1837175dfc\" data-height=\"30\" data-height-mobile=\"30\" data-height-tab=\"30\" data-height-tab-portrait=\"\" data-height-mobile-landscape=\"\" style=\"clear:both;display:block;\"><\/div>[\/vc_column][\/vc_row][vc_row][vc_column]<div class=\"dt-fancy-separator title-left h4-size accent-title-color\" style=\"width: 100%;\"><div class=\"dt-fancy-title\"><span class=\"separator-holder separator-left\"><\/span>1963 \u2013 1987 Wesentliche \u00c4nderungen<span class=\"separator-holder separator-right\"><\/span><\/div><\/div><div class=\"ult-spacer spacer-69e1837175e6a\" data-id=\"69e1837175e6a\" data-height=\"30\" data-height-mobile=\"30\" data-height-tab=\"30\" data-height-tab-portrait=\"\" data-height-mobile-landscape=\"\" style=\"clear:both;display:block;\"><\/div>[vc_row_inner][vc_column_inner width=&#8220;1\/2&#8243;][vc_column_text]Die 1970er Jahre bringen neuen Anbaumethoden und Produktionsverfahren. Gew\u00e4chsh\u00e4user, Bew\u00e4sserungs- und Heizsystem entstehen. Die Herkunftsbezeichnung \u201cTicino\u201d wird im Jahre 1976 kreiert. Ab dann wird der Gro\u00dfteil der Tessiner Erzeugnisse mit diesem Label versehen. Mit dem 22. Dezember 1977 beginnt ein neues Kapitel in der Geschichte der Genossenschaft: Alle 68 Delegierten stimmen dem Ankauf eines Grundst\u00fcckes in Cadenazzo zu, auf dem das neue Lager errichtet werden soll. Im Jahr darauf nehmen Projekt und Gel\u00e4nde allm\u00e4hlich Form an. 1979 beginnen die Bauarbeiten und am 8. August desselben Jahres \u00f6ffnet die Sammelstelle ihre T\u00fcren. Dank dieser neuen Anlage k\u00f6nnen sich die gesamten T\u00e4tigkeiten auf nur zwei Standorte (Cadenazzo und Mendrisio) aufteilen, wodurch auch die Produktivit\u00e4tsleistung deutlich ansteigt. Au\u00dferdem wird der Hauptsitz von Lugano an die neue Adresse in Cadenazzo verlegt. In diesen Jahren sind in der Schweiz rund 3\u2019900 landwirtschaftliche Betriebe mit 10\u2019000 Arbeitern im Gem\u00fcsebau besch\u00e4ftigt. Die gesamte Anbaufl\u00e4che betr\u00e4gt in etwa 6\u2019900 ha. Davon entfallen auf den Kanton Tessin rund 140 landwirtschaftliche Familienbetriebe die w\u00e4hrend der Haupterntezeit an die 400 Arbeiter besch\u00e4ftigen. Die Fl\u00e4che macht in etwa 230 ha aus. Im Durchschnitt liegen die von der Genossenschaft FOFT vertriebenen Erzeugnisse in jenen Jahren bei etwa 7\u2019500-8\u2019000 t und machen einen Bruttogesamtwert von ca. CHF 13 Mio. aus.[\/vc_column_text][\/vc_column_inner][vc_column_inner width=&#8220;1\/2&#8243;][vc_single_image image=&#8220;155&#8243; img_size=&#8220;full&#8220; image_hovers=&#8220;false&#8220;][\/vc_column_inner][\/vc_row_inner]<div class=\"ult-spacer spacer-69e1837175e97\" data-id=\"69e1837175e97\" data-height=\"30\" data-height-mobile=\"30\" data-height-tab=\"30\" data-height-tab-portrait=\"\" data-height-mobile-landscape=\"\" style=\"clear:both;display:block;\"><\/div>[\/vc_column][\/vc_row][vc_row][vc_column]<div class=\"dt-fancy-separator title-left h4-size accent-title-color\" style=\"width: 100%;\"><div class=\"dt-fancy-title\"><span class=\"separator-holder separator-left\"><\/span>1988 \u2013 2012 Eine neue Produktivit\u00e4t<span class=\"separator-holder separator-right\"><\/span><\/div><\/div><div class=\"ult-spacer spacer-69e1837175ef6\" data-id=\"69e1837175ef6\" data-height=\"30\" data-height-mobile=\"30\" data-height-tab=\"30\" data-height-tab-portrait=\"\" data-height-mobile-landscape=\"\" style=\"clear:both;display:block;\"><\/div>[vc_row_inner][vc_column_inner width=&#8220;1\/2&#8243;][vc_column_text]In den 90er Jahren des letzten Jahrhunderts wird der Begriff \u201eMarketing\u201c zum Synonym f\u00fcr moderne Verkaufsaktivit\u00e4ten. Um sich wachsenden Kundenanspr\u00fcchen in Sachen Qualit\u00e4t und R\u00fcckverfolgbarkeit anpassen zu k\u00f6nnen, m\u00fcssen Produktions- Sammel-, Verarbeitungs- und Versandprozesse erneuert werden. Von dieser Umgestaltung zeugt der Bau des neuen Lagers in Stabio, das ab dem Jahre 2000 die Lagerhalle von Mendrisio ersetzt. Der Sitz in Cadenazzo wird mit neuen Anlagen zur Gr\u00f6\u00dfensortierung sowie Verpackung ausgestattet. Die Abteilungen Verkauf und Produktionsplanung werden ausgebaut. Zwischen 2004 und 2005 werden hochmoderne, zukunftsorientierte Gew\u00e4chsh\u00e4user errichtet und ein erstes Mal wird ein neues Projekt f\u00fcr einen Neubau der Vertriebszentrale diskutiert. 2009 findet der Umzug in die neue Vertriebszentrale statt \u2013 einen Steinwurf entfernt von der \u201ealten\u201c Sammelstelle konnte in Cadenazzo ein weiterer Meilenstein gesetzt und ein kompletter Neubau bezogen werden. Die Marketingabteilung bringt mit der Kennzeichnung \u201cti.or\u201d im selben Jahr ein Label f\u00fcr hochwertige Tessiner Erzeugnisse auf den Markt. 2010 wird die auf den Verkauf spezialisierte FOFTPOOL AG gegr\u00fcndet. Die Folgen dieser Ver\u00e4nderungen zeigen sich in der positiven Ent- Wicklung der Genossenschaft. Der Umfang der vertriebenen Erzeugnisse steigt kontinuierlich bis auf 13\u2019000 t an. Im Jahre 2003 \u00fcberschreitet der Umsatz zum ersten Mal die CHF 20 Mio. Grenze und 2012 liegt er bei knapp CHF 30 Mio.[\/vc_column_text][\/vc_column_inner][vc_column_inner width=&#8220;1\/2&#8243;][vc_column_text]Trotz dieser ansteigenden Kurve erscheint die Zukunft der landwirtschaftlichen Urproduktion in manchen Aspekten unsicher. Das veranlasst den Vorstand der FOFT im Jahre 2011 Gelder f\u00fcr eine detaillierte Studie bereitzustellen, die sich mit Weitblick mit der Zukunft der Genossenschaft FOFT und ihrer Rolle innerhalb des Schweizer Gem\u00fcsemarktes besch\u00e4ftigen soll. Aus der Studie, die 2012 durch externe Stellen erarbeitet wurde, sind zahlreiche Erkenntnisse hervorgegangen die ihre Wirkung \u00fcber alle Bereiche der FOFT haben. In der Folge wurden substantielle Anpassungen in der Aufbauorganisation, in der Prozesslandschaft und in der Kommunikation vorgenommen. Mit der nun folgenden Massnahmenumsetzung wird das Jahr 2013 zu einem intensiven Transformationsjahr. Wir gehen diese notwendigen Ver\u00e4nderungen mit einem gesunden Mass an Vorsicht und Respekt an und sind \u00fcberzeugt davon, dass wir uns im positiven Sinne weiter entwickeln werden. Und auch wenn wir aktuell nicht auf jede der noch offenen Fragen schon eine ausgereifte Antwort bereit haben sind wir \u00fcberzeugt, in dieser Zeit das Fundament f\u00fcr das weitere Bestehen der FOFT zu legen. Dabei blicken wir mit einem Auge nat\u00fcrlich immer auch ein wenig in die Zukunft und hoffen, das im Laufe des Jahres m\u00f6glichst viele Umst\u00e4nde so positiv zusammen kommen das sie uns zuspielen und die Wirkungen der Ver\u00e4nderungen am Schluss auf breiter Basis als Erfolg beurteilt werden.[\/vc_column_text][\/vc_column_inner][\/vc_row_inner][vc_row_inner content_placement=&#8220;middle&#8220;][vc_column_inner width=&#8220;1\/3&#8243;][vc_single_image image=&#8220;4483&#8243; img_size=&#8220;full&#8220; alignment=&#8220;center&#8220; css=&#8220;&#8220; image_hovers=&#8220;false&#8220;][\/vc_column_inner][vc_column_inner width=&#8220;2\/3&#8243;][vc_single_image image=&#8220;4479&#8243; img_size=&#8220;full&#8220; alignment=&#8220;center&#8220; onclick=&#8220;link_image&#8220; css=&#8220;&#8220;][\/vc_column_inner][\/vc_row_inner][\/vc_column][\/vc_row]<\/p>\n<\/div>","protected":false},"excerpt":{"rendered":"<p>[vc_row][vc_column][rev_slider_vc alias=&#8220;storia_de&#8220;][\/vc_column][\/vc_row][vc_row][vc_column][vc_row_inner][vc_column_inner width=&#8220;1\/2&#8243;][vc_column_text]Die Geschichte der Genossenschaft FOFT reicht zur\u00fcck bis zum 7. Juni 1937, als eine Gruppe vision\u00e4rer Personen in Lugano die erste Niederlassung er\u00f6ffnet. Das Ereignis ist dem damaligen Staatsrat Angiolo Martignoni zu verdanken, der im M\u00e4rz 1936 eine Einrichtung f\u00fcr die Abnahme und den Vertrieb von Erzeugnissen genehmigt, die jedoch Regelungen f\u00fcr den&hellip;<\/p>\n","protected":false},"author":1,"featured_media":0,"parent":1976,"menu_order":0,"comment_status":"closed","ping_status":"closed","template":"","meta":{"footnotes":""},"class_list":["post-2044","page","type-page","status-publish","hentry","description-off"],"_links":{"self":[{"href":"https:\/\/tior.ch\/webtior\/de\/wp-json\/wp\/v2\/pages\/2044","targetHints":{"allow":["GET"]}}],"collection":[{"href":"https:\/\/tior.ch\/webtior\/de\/wp-json\/wp\/v2\/pages"}],"about":[{"href":"https:\/\/tior.ch\/webtior\/de\/wp-json\/wp\/v2\/types\/page"}],"author":[{"embeddable":true,"href":"https:\/\/tior.ch\/webtior\/de\/wp-json\/wp\/v2\/users\/1"}],"replies":[{"embeddable":true,"href":"https:\/\/tior.ch\/webtior\/de\/wp-json\/wp\/v2\/comments?post=2044"}],"version-history":[{"count":5,"href":"https:\/\/tior.ch\/webtior\/de\/wp-json\/wp\/v2\/pages\/2044\/revisions"}],"predecessor-version":[{"id":4492,"href":"https:\/\/tior.ch\/webtior\/de\/wp-json\/wp\/v2\/pages\/2044\/revisions\/4492"}],"up":[{"embeddable":true,"href":"https:\/\/tior.ch\/webtior\/de\/wp-json\/wp\/v2\/pages\/1976"}],"wp:attachment":[{"href":"https:\/\/tior.ch\/webtior\/de\/wp-json\/wp\/v2\/media?parent=2044"}],"curies":[{"name":"wp","href":"https:\/\/api.w.org\/{rel}","templated":true}]}}