{"id":2049,"date":"2017-02-23T13:13:35","date_gmt":"2017-02-23T13:13:35","guid":{"rendered":"http:\/\/www.tior.ch\/tior\/"},"modified":"2017-03-22T08:28:00","modified_gmt":"2017-03-22T08:28:00","slug":"tior","status":"publish","type":"page","link":"https:\/\/tior.ch\/webtior\/de\/tior\/","title":{"rendered":"Tior"},"content":{"rendered":"<div class=\"wpb-content-wrapper\"><p>[vc_row][vc_column][rev_slider_vc alias=&#8220;tior&#8220;][\/vc_column][\/vc_row][vc_row][vc_column][vc_row_inner][vc_column_inner width=&#8220;1\/2&#8243;][vc_column_text]TIOR ist die kommerzielle Marke des Gem\u00fcses hoher Qualit\u00e4t, das die Federazione Ortofrutticola Ticinese (FOFT) und ihre Partner produzieren. Die Marke umfasst in vier Buchstaben den Reichtum an Werten, Traditionen, Arbeit, Leidenschaft, Geschmack, Duft, Nat\u00fcrlichkeit und Frische, der den Tessiner Gem\u00fcsegarten auszeichnet und einzigartig macht. \u201cTI\u201d markiert kraftvoll das Konzept der Tessiner Herkunft des Gem\u00fcses, \u201cOR\u201d (orto = Gem\u00fcsegarten) hebt sehr direkt das Bild des traditionsreichen Anbaus hervor \u2013 eng an die Leute gebunden, welche in diesem Gebiet leben. \u201cOR\u201d\u00a0 last einem auch sofort das Wort \u201coro\u201d (Gold) in den Sinn kommen, das hier als Synonym f\u00fcr \u201cwertvoll\u201d steht und gleichzeitig die Produzenten mit Stolz erf\u00fcllt. Das Gem\u00fcse ist somit eine Art Schmuckst\u00fccke in einer Boutique und im Endeffekt ist der Tessiner Gem\u00fcsegarten nichts anderes.[\/vc_column_text][\/vc_column_inner][vc_column_inner width=&#8220;1\/2&#8243;][vc_column_text]\u00dcber die TIOR SA, durch die Marke zur Geltung gebrachte Qualit\u00e4t hinaus, sticht eine andere Realit\u00e4t der FOFT und ihrer Partner ins Auge. Sie ist die Gesellschaft von Gem\u00fcseproduzenten, die 90% der Produktion des Kantons abdecken und hat Sitz in der Verteilerzentrale in Cadenazzo. Die TIOR SA verschafft der Tessiner Gem\u00fcseproduktion mehr Gewicht im Tessin und gleichzeitig in der gesamten Schweiz.[\/vc_column_text][\/vc_column_inner][\/vc_row_inner][\/vc_column][\/vc_row][vc_row][vc_column][vc_row_inner][vc_column_inner width=&#8220;1\/2&#8243;][vc_single_image image=&#8220;169&#8243; img_size=&#8220;full&#8220; alignment=&#8220;center&#8220; image_hovers=&#8220;false&#8220;][\/vc_column_inner][vc_column_inner width=&#8220;1\/2&#8243;][vc_single_image image=&#8220;172&#8243; img_size=&#8220;full&#8220; alignment=&#8220;center&#8220; image_hovers=&#8220;false&#8220;][\/vc_column_inner][\/vc_row_inner][vc_row_inner][vc_column_inner width=&#8220;1\/2&#8243;][vc_single_image image=&#8220;175&#8243; img_size=&#8220;full&#8220; alignment=&#8220;center&#8220; image_hovers=&#8220;false&#8220;][\/vc_column_inner][vc_column_inner width=&#8220;1\/2&#8243;][vc_single_image image=&#8220;181&#8243; img_size=&#8220;full&#8220; alignment=&#8220;center&#8220; image_hovers=&#8220;false&#8220;][\/vc_column_inner][\/vc_row_inner][\/vc_column][\/vc_row]<\/p>\n<\/div>","protected":false},"excerpt":{"rendered":"<p>[vc_row][vc_column][rev_slider_vc alias=&#8220;tior&#8220;][\/vc_column][\/vc_row][vc_row][vc_column][vc_row_inner][vc_column_inner width=&#8220;1\/2&#8243;][vc_column_text]TIOR ist die kommerzielle Marke des Gem\u00fcses hoher Qualit\u00e4t, das die Federazione Ortofrutticola Ticinese (FOFT) und ihre Partner produzieren. Die Marke umfasst in vier Buchstaben den Reichtum an Werten, Traditionen, Arbeit, Leidenschaft, Geschmack, Duft, Nat\u00fcrlichkeit und Frische, der den Tessiner Gem\u00fcsegarten auszeichnet und einzigartig macht. \u201cTI\u201d markiert kraftvoll das Konzept der Tessiner Herkunft&hellip;<\/p>\n","protected":false},"author":1,"featured_media":0,"parent":0,"menu_order":0,"comment_status":"closed","ping_status":"closed","template":"","meta":{"footnotes":""},"class_list":["post-2049","page","type-page","status-publish","hentry","description-off"],"_links":{"self":[{"href":"https:\/\/tior.ch\/webtior\/de\/wp-json\/wp\/v2\/pages\/2049","targetHints":{"allow":["GET"]}}],"collection":[{"href":"https:\/\/tior.ch\/webtior\/de\/wp-json\/wp\/v2\/pages"}],"about":[{"href":"https:\/\/tior.ch\/webtior\/de\/wp-json\/wp\/v2\/types\/page"}],"author":[{"embeddable":true,"href":"https:\/\/tior.ch\/webtior\/de\/wp-json\/wp\/v2\/users\/1"}],"replies":[{"embeddable":true,"href":"https:\/\/tior.ch\/webtior\/de\/wp-json\/wp\/v2\/comments?post=2049"}],"version-history":[{"count":1,"href":"https:\/\/tior.ch\/webtior\/de\/wp-json\/wp\/v2\/pages\/2049\/revisions"}],"predecessor-version":[{"id":2053,"href":"https:\/\/tior.ch\/webtior\/de\/wp-json\/wp\/v2\/pages\/2049\/revisions\/2053"}],"wp:attachment":[{"href":"https:\/\/tior.ch\/webtior\/de\/wp-json\/wp\/v2\/media?parent=2049"}],"curies":[{"name":"wp","href":"https:\/\/api.w.org\/{rel}","templated":true}]}}