{"id":2060,"date":"2017-02-23T14:28:01","date_gmt":"2017-02-23T14:28:01","guid":{"rendered":"http:\/\/www.tior.ch\/tior\/distribuzione\/"},"modified":"2017-06-26T07:27:52","modified_gmt":"2017-06-26T07:27:52","slug":"verteilung","status":"publish","type":"page","link":"https:\/\/tior.ch\/webtior\/de\/tior\/verteilung\/","title":{"rendered":"Verteilung"},"content":{"rendered":"<div class=\"wpb-content-wrapper\"><p>[vc_row][vc_column][rev_slider_vc alias=&#8220;logisticade&#8220;][\/vc_column][\/vc_row][vc_row][vc_column][vc_row_inner][vc_column_inner width=&#8220;1\/2&#8243;][vc_column_text]Die neue Verteilerzentrale der FOFT ist 2009 eingeweiht worden \u2013 um den Herausforferungen eines Marktes mit immer grosser werdendem Wettbewerb gerecht zu warden und um Logistik zu optimieren. Das Geb\u00e4ude umfasst ca. 5\u2019000m2, mit einem Volumen von ca. 53\u2019000 Kubikmetern.[\/vc_column_text][\/vc_column_inner][vc_column_inner width=&#8220;1\/2&#8243;][vc_column_text]Im Zentrum wurden K\u00fchlzellen konstruiert und um diese herum wurden verschiedene Sektoren angegliedert, die den verschiedenen Aktivit\u00e4ten rund um die Bearbeitung und Kommerzialisierung des Gem\u00fcses dienen. Einige Zonen der Zentrale sind an Partner untervermieten, wie z.B. and die Firmen \u201cLinea Verde Bio\u201d, die sich mit dem Vertrieb von Biogem\u00fcse befasst, und an die Transportfirma FT Logistics.[\/vc_column_text][\/vc_column_inner][\/vc_row_inner][vc_row_inner][vc_column_inner][vc_single_image image=&#8220;263&#8243; img_size=&#8220;full&#8220; alignment=&#8220;center&#8220; image_hovers=&#8220;false&#8220;][\/vc_column_inner][\/vc_row_inner][vc_row_inner][vc_column_inner width=&#8220;1\/3&#8243;]<div class=\"aio-icon-component    style_1\"><div id=\"Info-box-wrap-4920\" class=\"aio-icon-box default-icon\" style=\"\"  ><div class=\"aio-icon-default\"><div class=\"ult-just-icon-wrapper  \"><div class=\"align-icon\" style=\"text-align:center;\">\n<div class=\"aio-icon circle \"  style=\"color:#ffffff;background:#97bf16;font-size:48px;display:inline-block;\">\n\t<i class=\"Defaults-sign-in\"><\/i>\n<\/div><\/div><\/div><\/div><div class=\"aio-icon-header\" ><h3 class=\"aio-icon-title ult-responsive\"  data-ultimate-target='#Info-box-wrap-4920 .aio-icon-title'  data-responsive-json-new='{\"font-size\":\"\",\"line-height\":\"\"}'  style=\"\">WARENEINGANG<\/h3><\/div> <!-- header --><div class=\"aio-icon-description ult-responsive\"  data-ultimate-target='#Info-box-wrap-4920 .aio-icon-description'  data-responsive-json-new='{\"font-size\":\"\",\"line-height\":\"\"}'  style=\"\">Gem\u00e4\u00df der Bestellung, die von unserem Verkaufsteam platziert wird, liefert der Produzent die Ware in der verlangten Einheit an die Zentrale.<\/div> <!-- description --><\/div> <!-- aio-icon-box --><\/div> <!-- aio-icon-component -->[\/vc_column_inner][vc_column_inner width=&#8220;1\/3&#8243;]<div class=\"aio-icon-component    style_1\"><div id=\"Info-box-wrap-6713\" class=\"aio-icon-box default-icon\" style=\"\"  ><div class=\"aio-icon-default\"><div class=\"ult-just-icon-wrapper  \"><div class=\"align-icon\" style=\"text-align:center;\">\n<div class=\"aio-icon circle \"  style=\"color:#ffffff;background:#97bf16;font-size:48px;display:inline-block;\">\n\t<i class=\"Defaults-search\"><\/i>\n<\/div><\/div><\/div><\/div><div class=\"aio-icon-header\" ><h3 class=\"aio-icon-title ult-responsive\"  data-ultimate-target='#Info-box-wrap-6713 .aio-icon-title'  data-responsive-json-new='{\"font-size\":\"\",\"line-height\":\"\"}'  style=\"\">WARENPR\u00dcFUNG<\/h3><\/div> <!-- header --><div class=\"aio-icon-description ult-responsive\"  data-ultimate-target='#Info-box-wrap-6713 .aio-icon-description'  data-responsive-json-new='{\"font-size\":\"\",\"line-height\":\"\"}'  style=\"\">Die angelieferte Ware wird verschiedenen Kontrollen unterzogen und auf Einhaltung der Qualit\u00e4tsvorschriften \u00fcberpr\u00fcft (z.B. Gewicht, Kaliber, Reife usw.). Jede Partie wird mit einer Lotnummer versehen, welche die R\u00fcckverfolgbarkeit bis zum Endverbraucher erm\u00f6glicht.<\/div> <!-- description --><\/div> <!-- aio-icon-box --><\/div> <!-- aio-icon-component -->[\/vc_column_inner][vc_column_inner width=&#8220;1\/3&#8243;]<div class=\"aio-icon-component    style_1\"><div id=\"Info-box-wrap-9444\" class=\"aio-icon-box default-icon\" style=\"\"  ><div class=\"aio-icon-default\"><div class=\"ult-just-icon-wrapper  \"><div class=\"align-icon\" style=\"text-align:center;\">\n<div class=\"aio-icon circle \"  style=\"color:#ffffff;background:#97bf16;font-size:48px;display:inline-block;\">\n\t<i class=\"Defaults-th\"><\/i>\n<\/div><\/div><\/div><\/div><div class=\"aio-icon-header\" ><h3 class=\"aio-icon-title ult-responsive\"  data-ultimate-target='#Info-box-wrap-9444 .aio-icon-title'  data-responsive-json-new='{\"font-size\":\"\",\"line-height\":\"\"}'  style=\"\">GEK\u00dcHLTE LAGERUNG<\/h3><\/div> <!-- header --><div class=\"aio-icon-description ult-responsive\"  data-ultimate-target='#Info-box-wrap-9444 .aio-icon-description'  data-responsive-json-new='{\"font-size\":\"\",\"line-height\":\"\"}'  style=\"\">Bei der Lagerung werden die Temperatur und Feuchtigkeitsanspr\u00fcche der einzelnen Erzeugnisse ber\u00fccksichtigt. Der Warenfluss wird von unserem Fachpersonal \u00fcberwacht. Das gro\u00dfe Fassungsverm\u00f6gen der K\u00fchlr\u00e4ume erm\u00f6g- licht eine zentrale und kosteneffiziente Lagerung.<\/div> <!-- description --><\/div> <!-- aio-icon-box --><\/div> <!-- aio-icon-component -->[\/vc_column_inner][\/vc_row_inner][vc_row_inner][vc_column_inner width=&#8220;1\/3&#8243;]<div class=\"aio-icon-component    style_1\"><div id=\"Info-box-wrap-3835\" class=\"aio-icon-box default-icon\" style=\"\"  ><div class=\"aio-icon-default\"><div class=\"ult-just-icon-wrapper  \"><div class=\"align-icon\" style=\"text-align:center;\">\n<div class=\"aio-icon circle \"  style=\"color:#ffffff;background:#97bf16;font-size:48px;display:inline-block;\">\n\t<i class=\"Defaults-crosshairs\"><\/i>\n<\/div><\/div><\/div><\/div><div class=\"aio-icon-header\" ><h3 class=\"aio-icon-title ult-responsive\"  data-ultimate-target='#Info-box-wrap-3835 .aio-icon-title'  data-responsive-json-new='{\"font-size\":\"\",\"line-height\":\"\"}'  style=\"\">KALIBRIERUNG<\/h3><\/div> <!-- header --><div class=\"aio-icon-description ult-responsive\"  data-ultimate-target='#Info-box-wrap-3835 .aio-icon-description'  data-responsive-json-new='{\"font-size\":\"\",\"line-height\":\"\"}'  style=\"\">Die Ausstattung der Zentrale erm\u00f6glicht die Gr\u00f6ssensortierung von Zucchetti, Tomaten, Cherry und Gurken. Durch die durchgef\u00fchrte Sortierung werden uniforme, kundenspezifische Standards garantiert. Die Motivation Kalibrierungen zentral durchzuf\u00fchren liegt in der Qualit\u00e4ts-, und Effizienzsteigerung.<\/div> <!-- description --><\/div> <!-- aio-icon-box --><\/div> <!-- aio-icon-component -->[\/vc_column_inner][vc_column_inner width=&#8220;1\/3&#8243;]<div class=\"aio-icon-component    style_1\"><div id=\"Info-box-wrap-5640\" class=\"aio-icon-box default-icon\" style=\"\"  ><div class=\"aio-icon-default\"><div class=\"ult-just-icon-wrapper  \"><div class=\"align-icon\" style=\"text-align:center;\">\n<div class=\"aio-icon circle \"  style=\"color:#ffffff;background:#97bf16;font-size:48px;display:inline-block;\">\n\t<i class=\"Defaults-cogs gears\"><\/i>\n<\/div><\/div><\/div><\/div><div class=\"aio-icon-header\" ><h3 class=\"aio-icon-title ult-responsive\"  data-ultimate-target='#Info-box-wrap-5640 .aio-icon-title'  data-responsive-json-new='{\"font-size\":\"\",\"line-height\":\"\"}'  style=\"\">VERARBEITUNG<\/h3><\/div> <!-- header --><div class=\"aio-icon-description ult-responsive\"  data-ultimate-target='#Info-box-wrap-5640 .aio-icon-description'  data-responsive-json-new='{\"font-size\":\"\",\"line-height\":\"\"}'  style=\"\">Das Gem\u00fcse wird in der Zentrale entsprechend der Kundenanforde- rungen verarbeitet bzw. verpackt. So kann bei diesem Vorgang das Gem\u00fcse einfach nur gereinigt werden, in Folie verpackt oder in Schalen abgef\u00fcllt und mit Gewicht-\/Preisaufklebern verkaufs fertig vorbereitet werden.<\/div> <!-- description --><\/div> <!-- aio-icon-box --><\/div> <!-- aio-icon-component -->[\/vc_column_inner][vc_column_inner width=&#8220;1\/3&#8243;]<div class=\"aio-icon-component    style_1\"><div id=\"Info-box-wrap-9570\" class=\"aio-icon-box default-icon\" style=\"\"  ><div class=\"aio-icon-default\"><div class=\"ult-just-icon-wrapper  \"><div class=\"align-icon\" style=\"text-align:center;\">\n<div class=\"aio-icon circle \"  style=\"color:#ffffff;background:#97bf16;font-size:48px;display:inline-block;\">\n\t<i class=\"Defaults-share-square-o\"><\/i>\n<\/div><\/div><\/div><\/div><div class=\"aio-icon-header\" ><h3 class=\"aio-icon-title ult-responsive\"  data-ultimate-target='#Info-box-wrap-9570 .aio-icon-title'  data-responsive-json-new='{\"font-size\":\"\",\"line-height\":\"\"}'  style=\"\">WARENAUSGANG<\/h3><\/div> <!-- header --><div class=\"aio-icon-description ult-responsive\"  data-ultimate-target='#Info-box-wrap-9570 .aio-icon-description'  data-responsive-json-new='{\"font-size\":\"\",\"line-height\":\"\"}'  style=\"\">Die Bestellungen werden kundenspezifisch zum Versand vorbereitet. Hier wird die Ware auch ein letztes Mal auf Qualit\u00e4t und Menge \u00fcberpr\u00fcft. Die Auslieferung wird von Transportunternehmen \u00fcbernommen und umfasst die gesamte Schweiz. Durch den effizienten Ablauf aller dieser Vorg\u00e4nge wird die Lagerung von stets frischem Gem\u00fcse erreicht.<\/div> <!-- description --><\/div> <!-- aio-icon-box --><\/div> <!-- aio-icon-component -->[\/vc_column_inner][\/vc_row_inner][\/vc_column][\/vc_row]<\/p>\n<\/div>","protected":false},"excerpt":{"rendered":"<p>[vc_row][vc_column][rev_slider_vc alias=&#8220;logisticade&#8220;][\/vc_column][\/vc_row][vc_row][vc_column][vc_row_inner][vc_column_inner width=&#8220;1\/2&#8243;][vc_column_text]Die neue Verteilerzentrale der FOFT ist 2009 eingeweiht worden \u2013 um den Herausforferungen eines Marktes mit immer grosser werdendem Wettbewerb gerecht zu warden und um Logistik zu optimieren. Das Geb\u00e4ude umfasst ca. 5\u2019000m2, mit einem Volumen von ca. 53\u2019000 Kubikmetern.[\/vc_column_text][\/vc_column_inner][vc_column_inner width=&#8220;1\/2&#8243;][vc_column_text]Im Zentrum wurden K\u00fchlzellen konstruiert und um diese herum wurden verschiedene Sektoren angegliedert,&hellip;<\/p>\n","protected":false},"author":1,"featured_media":0,"parent":2049,"menu_order":0,"comment_status":"closed","ping_status":"closed","template":"","meta":{"footnotes":""},"class_list":["post-2060","page","type-page","status-publish","hentry","description-off"],"_links":{"self":[{"href":"https:\/\/tior.ch\/webtior\/de\/wp-json\/wp\/v2\/pages\/2060","targetHints":{"allow":["GET"]}}],"collection":[{"href":"https:\/\/tior.ch\/webtior\/de\/wp-json\/wp\/v2\/pages"}],"about":[{"href":"https:\/\/tior.ch\/webtior\/de\/wp-json\/wp\/v2\/types\/page"}],"author":[{"embeddable":true,"href":"https:\/\/tior.ch\/webtior\/de\/wp-json\/wp\/v2\/users\/1"}],"replies":[{"embeddable":true,"href":"https:\/\/tior.ch\/webtior\/de\/wp-json\/wp\/v2\/comments?post=2060"}],"version-history":[{"count":3,"href":"https:\/\/tior.ch\/webtior\/de\/wp-json\/wp\/v2\/pages\/2060\/revisions"}],"predecessor-version":[{"id":3033,"href":"https:\/\/tior.ch\/webtior\/de\/wp-json\/wp\/v2\/pages\/2060\/revisions\/3033"}],"up":[{"embeddable":true,"href":"https:\/\/tior.ch\/webtior\/de\/wp-json\/wp\/v2\/pages\/2049"}],"wp:attachment":[{"href":"https:\/\/tior.ch\/webtior\/de\/wp-json\/wp\/v2\/media?parent=2060"}],"curies":[{"name":"wp","href":"https:\/\/api.w.org\/{rel}","templated":true}]}}