{"id":2996,"date":"2017-04-24T10:55:11","date_gmt":"2017-04-24T10:55:11","guid":{"rendered":"http:\/\/www.tior.ch\/ticino-amore-mio\/"},"modified":"2019-01-07T09:37:51","modified_gmt":"2019-01-07T09:37:51","slug":"ticino-amore-mio","status":"publish","type":"page","link":"https:\/\/tior.ch\/webtior\/de\/ticino-amore-mio\/","title":{"rendered":"Ticino amore mio"},"content":{"rendered":"<div class=\"wpb-content-wrapper\"><p>[vc_row][vc_column][vc_row_inner equal_height=&#8220;yes&#8220; content_placement=&#8220;middle&#8220;][vc_column_inner width=&#8220;1\/2&#8243;][vc_single_image image=&#8220;2908&#8243; img_size=&#8220;full&#8220; alignment=&#8220;center&#8220; image_hovers=&#8220;false&#8220;][\/vc_column_inner][vc_column_inner width=&#8220;1\/2&#8243;][vc_column_text]<strong>Ticino Amore Mio<\/strong> ist die Marke, unter welcher TIOR AG die besten Fr\u00fcchte und Gem\u00fcse, die im Tessin von den Produzenten der Genossenschaft F.O.F.T. angebaut werden, in der ganzen Schweiz vermarktet. Die Genossenschaft feiert dieses Jahr ihr 80-j\u00e4hriges Bestehen. W\u00e4hrend all diesen Jahren engagierte sie sich unerm\u00fcdlich, um frische Produkte aus dem Tessin auf den Tisch zu bringen.[\/vc_column_text][vc_column_text]TIOR hat sich zum Ziel gesetzt, den Tessiner Gartenbausektor in eine strahlende Zukunft zu f\u00fchren. Um dies zu erreichen, ist sie bestrebt, ihre Produkte in allen Verteilungskan\u00e4len gut identifizierbar und erkennbar zu machen.[\/vc_column_text][\/vc_column_inner][\/vc_row_inner][\/vc_column][\/vc_row][vc_row type=&#8220;vc_default&#8220; full_width=&#8220;stretch_row&#8220; equal_height=&#8220;yes&#8220; content_placement=&#8220;middle&#8220; bg_type=&#8220;bg_color&#8220; bg_color_value=&#8220;#97bf16&#8243;][vc_column][vc_row_inner equal_height=&#8220;yes&#8220; content_placement=&#8220;middle&#8220;][vc_column_inner][vc_single_image image=&#8220;2917&#8243; img_size=&#8220;full&#8220; alignment=&#8220;center&#8220; image_hovers=&#8220;false&#8220;][\/vc_column_inner][\/vc_row_inner]<div class=\"ult-spacer spacer-69e1854d275d1\" data-id=\"69e1854d275d1\" data-height=\"25\" data-height-mobile=\"25\" data-height-tab=\"25\" data-height-tab-portrait=\"\" data-height-mobile-landscape=\"\" style=\"clear:both;display:block;\"><\/div>[\/vc_column][\/vc_row][vc_row equal_height=&#8220;yes&#8220; content_placement=&#8220;middle&#8220;][vc_column][vc_single_image image=&#8220;2970&#8243; img_size=&#8220;full&#8220; alignment=&#8220;center&#8220; image_hovers=&#8220;false&#8220;][vc_row_inner equal_height=&#8220;yes&#8220; content_placement=&#8220;middle&#8220;][vc_column_inner width=&#8220;1\/4&#8243;][\/vc_column_inner][vc_column_inner width=&#8220;1\/2&#8243;][vc_column_text]<\/p>\n<p style=\"text-align: center;\">Um bestm\u00f6gliche Werbung f\u00fcr diese Marke, die f\u00fcr Leidenschaft und Liebe f\u00fcr die hervorragenden Regionalprodukte steht, zu machen, haben wir <strong>Dany Stauffacher<\/strong> ausgew\u00e4hlt. Welches Gesicht als dasjenige des Vollblut-Tessiners, Gourmets, leidenschaftlichen \u00d6nogastronoms und Direktors von Sapori Ticino h\u00e4tte besser zur Initiative <strong>Ticino Amore Mio <\/strong>gepasst?<\/p>\n<p>[\/vc_column_text]<blockquote class=\"text-normal shortcode-blockquote\"><p style=\"text-align: center;\">\u201cEs ist eine Ehre f\u00fcr mich, diese Rolle zu spielen\u201c, hat er uns erkl\u00e4rt. \u201eIch liebe unsere Region und ihre Produkte und bin sehr gl\u00fccklich, mich an dieser Initiative beteiligen zu d\u00fcrfen. Entgegen dem, was viele Leute denken, gibt man nicht mehr aus, wenn man Tessiner Produkte kauft. Man hat aber die Garantie, dass es sich um Qualit\u00e4tsprodukte handelt, und unterst\u00fctzt gleichzeitig die Arbeit unserer B\u00e4uerinnen und Bauern. Erlauben Sie mir zum Schluss, einen Gedanken zu \u00e4ussern, der das Projekt bestens umschreibt: Wenn ich im Tessin einkaufe, weiss ich, was ich esse.\u201d<\/p>\n<\/blockquote>[\/vc_column_inner][vc_column_inner width=&#8220;1\/4&#8243;][\/vc_column_inner][\/vc_row_inner]<div class=\"ult-spacer spacer-69e1854d276f5\" data-id=\"69e1854d276f5\" data-height=\"25\" data-height-mobile=\"25\" data-height-tab=\"25\" data-height-tab-portrait=\"\" data-height-mobile-landscape=\"\" style=\"clear:both;display:block;\"><\/div>[\/vc_column][\/vc_row]<\/p>\n<\/div>","protected":false},"excerpt":{"rendered":"<p>[vc_row][vc_column][vc_row_inner equal_height=&#8220;yes&#8220; content_placement=&#8220;middle&#8220;][vc_column_inner width=&#8220;1\/2&#8243;][vc_single_image image=&#8220;2908&#8243; img_size=&#8220;full&#8220; alignment=&#8220;center&#8220; image_hovers=&#8220;false&#8220;][\/vc_column_inner][vc_column_inner width=&#8220;1\/2&#8243;][vc_column_text]Ticino Amore Mio ist die Marke, unter welcher TIOR AG die besten Fr\u00fcchte und Gem\u00fcse, die im Tessin von den Produzenten der Genossenschaft F.O.F.T. angebaut werden, in der ganzen Schweiz vermarktet. Die Genossenschaft feiert dieses Jahr ihr 80-j\u00e4hriges Bestehen. W\u00e4hrend all diesen Jahren engagierte sie sich unerm\u00fcdlich,&hellip;<\/p>\n","protected":false},"author":1,"featured_media":0,"parent":0,"menu_order":0,"comment_status":"closed","ping_status":"closed","template":"","meta":{"footnotes":""},"class_list":["post-2996","page","type-page","status-publish","hentry","description-off"],"_links":{"self":[{"href":"https:\/\/tior.ch\/webtior\/de\/wp-json\/wp\/v2\/pages\/2996","targetHints":{"allow":["GET"]}}],"collection":[{"href":"https:\/\/tior.ch\/webtior\/de\/wp-json\/wp\/v2\/pages"}],"about":[{"href":"https:\/\/tior.ch\/webtior\/de\/wp-json\/wp\/v2\/types\/page"}],"author":[{"embeddable":true,"href":"https:\/\/tior.ch\/webtior\/de\/wp-json\/wp\/v2\/users\/1"}],"replies":[{"embeddable":true,"href":"https:\/\/tior.ch\/webtior\/de\/wp-json\/wp\/v2\/comments?post=2996"}],"version-history":[{"count":4,"href":"https:\/\/tior.ch\/webtior\/de\/wp-json\/wp\/v2\/pages\/2996\/revisions"}],"predecessor-version":[{"id":3414,"href":"https:\/\/tior.ch\/webtior\/de\/wp-json\/wp\/v2\/pages\/2996\/revisions\/3414"}],"wp:attachment":[{"href":"https:\/\/tior.ch\/webtior\/de\/wp-json\/wp\/v2\/media?parent=2996"}],"curies":[{"name":"wp","href":"https:\/\/api.w.org\/{rel}","templated":true}]}}