{"id":3754,"date":"2021-04-15T05:50:32","date_gmt":"2021-04-15T05:50:32","guid":{"rendered":"https:\/\/www.tior.ch\/webtior\/artegusto\/"},"modified":"2021-04-16T07:46:37","modified_gmt":"2021-04-16T07:46:37","slug":"artegusto","status":"publish","type":"page","link":"https:\/\/tior.ch\/webtior\/de\/artegusto\/","title":{"rendered":"Artegusto"},"content":{"rendered":"<div class=\"wpb-content-wrapper\"><p>[vc_row][vc_column][rev_slider_vc alias=&#8220;logistica&#8220;][\/vc_column][\/vc_row][vc_row][vc_column][vc_row_inner content_placement=&#8220;middle&#8220;][vc_column_inner width=&#8220;1\/3&#8243;][vc_single_image image=&#8220;3703&#8243; img_size=&#8220;full&#8220;][\/vc_column_inner][vc_column_inner width=&#8220;2\/3&#8243;][vc_column_text]ARTEGUSTO, der Garten der Aromen ist eine Marke von Schweizer Produzenten, welche sich mit aller Leidenschaft dem lokalen Anbau und der geschmackvollen Essenskunst widmen, um so die Konsumenten mit exklusiven und einzigartigen Produkten zu \u00fcberraschen.<\/p>\n<p>Die Werteder Marke basieren auf drei Achsen. Sie dienen als Hauptmerkmale und Eigenschaften f\u00fcr die Auswahlder Produkte der Marke ARTEGUSTO:[\/vc_column_text][\/vc_column_inner][\/vc_row_inner][vc_row_inner][vc_column_inner][vc_separator][\/vc_column_inner][\/vc_row_inner][vc_row_inner][vc_column_inner width=&#8220;1\/3&#8243;]<div class=\"aio-icon-component    style_1\"><div id=\"Info-box-wrap-8340\" class=\"aio-icon-box default-icon\" style=\"\"  ><div class=\"aio-icon-default\"><div class=\"ult-just-icon-wrapper  \"><div class=\"align-icon\" style=\"text-align:center;\">\n<div class=\"aio-icon circle \"  style=\"color:#ffffff;background:#97bf16;font-size:48px;display:inline-block;\">\n\t<i class=\"fas fa-crown\"><\/i>\n<\/div><\/div><\/div><\/div><div class=\"aio-icon-header\" ><h3 class=\"aio-icon-title ult-responsive\"  data-ultimate-target='#Info-box-wrap-8340 .aio-icon-title'  data-responsive-json-new='{\"font-size\":\"\",\"line-height\":\"\"}'  style=\"\">INNOVATION<\/h3><\/div> <!-- header --><div class=\"aio-icon-description ult-responsive\"  data-ultimate-target='#Info-box-wrap-8340 .aio-icon-description'  data-responsive-json-new='{\"font-size\":\"\",\"line-height\":\"\"}'  style=\"\">Durch die Farbe, die M\u00f6glichkeit der Kombination von Aromen und die Assoziation von Gerichten soll ARTEGUSTO jene Verbraucher \u00fcberraschen, welche auf der Suche nach neuen Geschm\u00e4ckern und unvergesslichen kulinarischen Erfahrungen sind.<\/div> <!-- description --><\/div> <!-- aio-icon-box --><\/div> <!-- aio-icon-component -->[\/vc_column_inner][vc_column_inner width=&#8220;1\/3&#8243;]<div class=\"aio-icon-component    style_1\"><div id=\"Info-box-wrap-2422\" class=\"aio-icon-box default-icon\" style=\"\"  ><div class=\"aio-icon-default\"><div class=\"ult-just-icon-wrapper  \"><div class=\"align-icon\" style=\"text-align:center;\">\n<div class=\"aio-icon circle \"  style=\"color:#ffffff;background:#97bf16;font-size:48px;display:inline-block;\">\n\t<i class=\"Defaults-cutlery\"><\/i>\n<\/div><\/div><\/div><\/div><div class=\"aio-icon-header\" ><h3 class=\"aio-icon-title ult-responsive\"  data-ultimate-target='#Info-box-wrap-2422 .aio-icon-title'  data-responsive-json-new='{\"font-size\":\"\",\"line-height\":\"\"}'  style=\"\">GESCHMACK<\/h3><\/div> <!-- header --><div class=\"aio-icon-description ult-responsive\"  data-ultimate-target='#Info-box-wrap-2422 .aio-icon-description'  data-responsive-json-new='{\"font-size\":\"\",\"line-height\":\"\"}'  style=\"\">Im Zentrum der Marke ARTEGUSTO steht der Geschmack. Wie bei gro\u00dfen klassifizierten Weinen w\u00e4hlen wir die besten Produkte aus und kultivieren diese mit Sorgfalt, um so die h\u00f6chste Geschmacksqualit\u00e4t zu bieten.<\/div> <!-- description --><\/div> <!-- aio-icon-box --><\/div> <!-- aio-icon-component -->[\/vc_column_inner][vc_column_inner width=&#8220;1\/3&#8243;]<div class=\"aio-icon-component    style_1\"><div id=\"Info-box-wrap-5213\" class=\"aio-icon-box default-icon\" style=\"\"  ><div class=\"aio-icon-default\"><div class=\"ult-just-icon-wrapper  \"><div class=\"align-icon\" style=\"text-align:center;\">\n<div class=\"aio-icon circle \"  style=\"color:#ffffff;background:#97bf16;font-size:48px;display:inline-block;\">\n\t<i class=\"Defaults-diamond\"><\/i>\n<\/div><\/div><\/div><\/div><div class=\"aio-icon-header\" ><h3 class=\"aio-icon-title ult-responsive\"  data-ultimate-target='#Info-box-wrap-5213 .aio-icon-title'  data-responsive-json-new='{\"font-size\":\"\",\"line-height\":\"\"}'  style=\"\">ELEGANZ<\/h3><\/div> <!-- header --><div class=\"aio-icon-description ult-responsive\"  data-ultimate-target='#Info-box-wrap-5213 .aio-icon-description'  data-responsive-json-new='{\"font-size\":\"\",\"line-height\":\"\"}'  style=\"\">Die Produkte von ARTEGUSTO sollen nicht nur die Geschmacksnerven, sondern auch die Augen \u00fcberraschen. Sie sollen auf einzigartige Weise Farbe in Ihre Mahlzeiten bringen und dazu noch hervorragend f\u00fcr Ihre Gesundheit sein.<\/div> <!-- description --><\/div> <!-- aio-icon-box --><\/div> <!-- aio-icon-component -->[\/vc_column_inner][\/vc_row_inner][vc_row_inner][vc_column_inner][vc_separator][\/vc_column_inner][\/vc_row_inner][vc_row_inner content_placement=&#8220;middle&#8220;][vc_column_inner width=&#8220;1\/3&#8243;][vc_column_text]Um die drei Achsen der Marke zu unterstreichen, nimmt unser Slogan &#8222;Der Garten der Aromen&#8220; Bezug auf unsere langj\u00e4hrige Erfahrung in der Produktion von frischem Gem\u00fcse. Wir bringen uns erganzes Wissenein, um unsere Produkte dem hervorragen den Geschmack von Gem\u00fcse aus dem Familiengarten so nahe wie m\u00f6glich zu bringen.<\/p>\n<p><a href=\"https:\/\/www.art-e-gusto.ch\" target=\"_blank\" rel=\"noopener\">www.art-e-gusto.ch<\/a>[\/vc_column_text][\/vc_column_inner][vc_column_inner width=&#8220;1\/3&#8243;][vc_single_image image=&#8220;3710&#8243; img_size=&#8220;full&#8220;][\/vc_column_inner][vc_column_inner width=&#8220;1\/3&#8243;][vc_single_image image=&#8220;3714&#8243; img_size=&#8220;full&#8220;][\/vc_column_inner][\/vc_row_inner][\/vc_column][\/vc_row]<\/p>\n<\/div>","protected":false},"excerpt":{"rendered":"<p>[vc_row][vc_column][rev_slider_vc alias=&#8220;logistica&#8220;][\/vc_column][\/vc_row][vc_row][vc_column][vc_row_inner content_placement=&#8220;middle&#8220;][vc_column_inner width=&#8220;1\/3&#8243;][vc_single_image image=&#8220;3703&#8243; img_size=&#8220;full&#8220;][\/vc_column_inner][vc_column_inner width=&#8220;2\/3&#8243;][vc_column_text]ARTEGUSTO, der Garten der Aromen ist eine Marke von Schweizer Produzenten, welche sich mit aller Leidenschaft dem lokalen Anbau und der geschmackvollen Essenskunst widmen, um so die Konsumenten mit exklusiven und einzigartigen Produkten zu \u00fcberraschen. Die Werteder Marke basieren auf drei Achsen. Sie dienen als Hauptmerkmale und Eigenschaften f\u00fcr&hellip;<\/p>\n","protected":false},"author":1,"featured_media":0,"parent":0,"menu_order":0,"comment_status":"closed","ping_status":"closed","template":"","meta":{"footnotes":""},"class_list":["post-3754","page","type-page","status-publish","hentry","description-off"],"_links":{"self":[{"href":"https:\/\/tior.ch\/webtior\/de\/wp-json\/wp\/v2\/pages\/3754","targetHints":{"allow":["GET"]}}],"collection":[{"href":"https:\/\/tior.ch\/webtior\/de\/wp-json\/wp\/v2\/pages"}],"about":[{"href":"https:\/\/tior.ch\/webtior\/de\/wp-json\/wp\/v2\/types\/page"}],"author":[{"embeddable":true,"href":"https:\/\/tior.ch\/webtior\/de\/wp-json\/wp\/v2\/users\/1"}],"replies":[{"embeddable":true,"href":"https:\/\/tior.ch\/webtior\/de\/wp-json\/wp\/v2\/comments?post=3754"}],"version-history":[{"count":4,"href":"https:\/\/tior.ch\/webtior\/de\/wp-json\/wp\/v2\/pages\/3754\/revisions"}],"predecessor-version":[{"id":3762,"href":"https:\/\/tior.ch\/webtior\/de\/wp-json\/wp\/v2\/pages\/3754\/revisions\/3762"}],"wp:attachment":[{"href":"https:\/\/tior.ch\/webtior\/de\/wp-json\/wp\/v2\/media?parent=3754"}],"curies":[{"name":"wp","href":"https:\/\/api.w.org\/{rel}","templated":true}]}}