{"id":1975,"date":"2017-02-23T09:05:58","date_gmt":"2017-02-23T09:05:58","guid":{"rendered":"http:\/\/www.tior.ch\/foft\/"},"modified":"2017-03-21T15:42:50","modified_gmt":"2017-03-21T15:42:50","slug":"foft","status":"publish","type":"page","link":"https:\/\/tior.ch\/webtior\/fr\/foft\/","title":{"rendered":"FOFT"},"content":{"rendered":"<div class=\"wpb-content-wrapper\"><p>[vc_row][vc_column][rev_slider_vc alias=\u00a0\u00bbfoft_fr\u00a0\u00bb][\/vc_column][\/vc_row][vc_row][vc_column][vc_row_inner][vc_column_inner width=\u00a0\u00bb3\/4&Prime;][vc_column_text]La <strong>FOFT<\/strong> (F\u00e9d\u00e9ration Tessinoise des Fruits et L\u00e9gumes) a \u00e9t\u00e9 fond\u00e9e en 1937 pour r\u00e9pondre au mieux et d\u2019une fa\u00e7on pr\u00e9voyante aux exigences de commercialisation et coordination de la production de l\u00e9gumes au Tessin. Et si, apr\u00e8s plus de 75 ans, le but social est le m\u00eame, la volont\u00e9 de promouvoir et defender d\u2019une mani\u00e8re efficace le secteur mara\u00eecher afin de garantir un future \u00e0 l\u2019agriculture, est aussi rest\u00e9e inchang\u00e9e.<\/p>\n<p>La FOFT agie donc avec la ferme volont\u00e9 de sauvegarder les places de travail, de maintenir le r\u00f4le de premi\u00e8re source d\u2019approvisionnement, de garantir la conservation des zones agricoles et des zones vertes, de prot\u00e9ger le paysage, et de contribuer au d\u00e9veloppement \u00e9conomique et social du Canton. Et ceci avec la conscience de la valeur de plus en plus importante des concepts de fili\u00e8res agro-alimentaire et d\u2019alimentation saine.[\/vc_column_text][\/vc_column_inner][vc_column_inner width=\u00a0\u00bb1\/4&Prime;][vc_single_image image=\u00a0\u00bb41&Prime; img_size=\u00a0\u00bbfull\u00a0\u00bb alignment=\u00a0\u00bbcenter\u00a0\u00bb image_hovers=\u00a0\u00bbfalse\u00a0\u00bb][\/vc_column_inner][\/vc_row_inner][\/vc_column][\/vc_row]<\/p>\n<\/div>","protected":false},"excerpt":{"rendered":"<p>[vc_row][vc_column][rev_slider_vc alias=\u00a0\u00bbfoft_fr\u00a0\u00bb][\/vc_column][\/vc_row][vc_row][vc_column][vc_row_inner][vc_column_inner width=\u00a0\u00bb3\/4&Prime;][vc_column_text]La FOFT (F\u00e9d\u00e9ration Tessinoise des Fruits et L\u00e9gumes) a \u00e9t\u00e9 fond\u00e9e en 1937 pour r\u00e9pondre au mieux et d\u2019une fa\u00e7on pr\u00e9voyante aux exigences de commercialisation et coordination de la production de l\u00e9gumes au Tessin. Et si, apr\u00e8s plus de 75 ans, le but social est le m\u00eame, la volont\u00e9 de promouvoir et defender&hellip;<\/p>\n","protected":false},"author":1,"featured_media":0,"parent":0,"menu_order":0,"comment_status":"closed","ping_status":"closed","template":"","meta":{"footnotes":""},"class_list":["post-1975","page","type-page","status-publish","hentry","description-off"],"_links":{"self":[{"href":"https:\/\/tior.ch\/webtior\/fr\/wp-json\/wp\/v2\/pages\/1975","targetHints":{"allow":["GET"]}}],"collection":[{"href":"https:\/\/tior.ch\/webtior\/fr\/wp-json\/wp\/v2\/pages"}],"about":[{"href":"https:\/\/tior.ch\/webtior\/fr\/wp-json\/wp\/v2\/types\/page"}],"author":[{"embeddable":true,"href":"https:\/\/tior.ch\/webtior\/fr\/wp-json\/wp\/v2\/users\/1"}],"replies":[{"embeddable":true,"href":"https:\/\/tior.ch\/webtior\/fr\/wp-json\/wp\/v2\/comments?post=1975"}],"version-history":[{"count":3,"href":"https:\/\/tior.ch\/webtior\/fr\/wp-json\/wp\/v2\/pages\/1975\/revisions"}],"predecessor-version":[{"id":1983,"href":"https:\/\/tior.ch\/webtior\/fr\/wp-json\/wp\/v2\/pages\/1975\/revisions\/1983"}],"wp:attachment":[{"href":"https:\/\/tior.ch\/webtior\/fr\/wp-json\/wp\/v2\/media?parent=1975"}],"curies":[{"name":"wp","href":"https:\/\/api.w.org\/{rel}","templated":true}]}}