{"id":2048,"date":"2017-02-23T13:13:35","date_gmt":"2017-02-23T13:13:35","guid":{"rendered":"http:\/\/www.tior.ch\/tior\/"},"modified":"2017-03-22T08:27:34","modified_gmt":"2017-03-22T08:27:34","slug":"tior","status":"publish","type":"page","link":"https:\/\/tior.ch\/webtior\/fr\/tior\/","title":{"rendered":"Tior"},"content":{"rendered":"<div class=\"wpb-content-wrapper\"><p>[vc_row][vc_column][rev_slider_vc alias=\u00a0\u00bbtior\u00a0\u00bb][\/vc_column][\/vc_row][vc_row][vc_column][vc_row_inner][vc_column_inner width=\u00a0\u00bb1\/2&Prime;][vc_column_text]TIOR est la marque commercial des l\u00e9gumes de qualit\u00e9 avec laquelle est distribu\u00e9e la production mara\u00eech\u00e8re de la Federazione Ortofrutticola Ticinese (FOFT) et des partenaires qui collaborent avec elle. Cette marque renferme dans ses quatre lettres tous le patrimoine de valeurs, traditions, travail, passion, saveurs, parfums, authenticit\u00e9 et fra\u00eecheur, qui rend unique et pr\u00e9cieux le jardin potager tessinois.\u00a0\u201cTI\u201d marque avec force le concept de provenance tessinoise des l\u00e9gumes, et \u201cOR\u201d \u2013 le jardin potager \u2013 d\u00e9crit de mani\u00e8re directe une culture riche de tradition, li\u00e9e intimement \u00e0 la population qui vit dans un territoire d\u00e9termin\u00e9. \u201cOR\u201d rappelle aussi la parole \u201cOR\u201d, comme synonyme de \u201cpr\u00e9cieux\u201d et d\u2019orgueil pour les producteurs. Les l\u00e9gumes sont les bijoux d\u2019une boutique, qui en fin de compte n\u2019est pas autre chose que le jardin potager tessinois.[\/vc_column_text][\/vc_column_inner][vc_column_inner width=\u00a0\u00bb1\/2&Prime;][vc_column_text]Outre \u00e0 la qualit\u00e9 mise en valeur par la marque, TIOR SA est une autre r\u00e9alit\u00e9 que fait ressortir l\u2019activit\u00e9 de la FOFT et de ses partenaires. La soci\u00e9t\u00e9 active dans la Centrale de Distribution de Cadenazzo, qui regroupe un nombre d\u2019entreprises dont la production mara\u00eech\u00e8re atteint le 90% de celle cantonale. Avec TIOR SA la production tessinoise a une force majeure aussi bien au Tessin que dans le reste de la Suisse.[\/vc_column_text][\/vc_column_inner][\/vc_row_inner][\/vc_column][\/vc_row][vc_row][vc_column][vc_row_inner][vc_column_inner width=\u00a0\u00bb1\/2&Prime;][vc_single_image image=\u00a0\u00bb169&Prime; img_size=\u00a0\u00bbfull\u00a0\u00bb alignment=\u00a0\u00bbcenter\u00a0\u00bb image_hovers=\u00a0\u00bbfalse\u00a0\u00bb][\/vc_column_inner][vc_column_inner width=\u00a0\u00bb1\/2&Prime;][vc_single_image image=\u00a0\u00bb172&Prime; img_size=\u00a0\u00bbfull\u00a0\u00bb alignment=\u00a0\u00bbcenter\u00a0\u00bb image_hovers=\u00a0\u00bbfalse\u00a0\u00bb][\/vc_column_inner][\/vc_row_inner][vc_row_inner][vc_column_inner width=\u00a0\u00bb1\/2&Prime;][vc_single_image image=\u00a0\u00bb175&Prime; img_size=\u00a0\u00bbfull\u00a0\u00bb alignment=\u00a0\u00bbcenter\u00a0\u00bb image_hovers=\u00a0\u00bbfalse\u00a0\u00bb][\/vc_column_inner][vc_column_inner width=\u00a0\u00bb1\/2&Prime;][vc_single_image image=\u00a0\u00bb181&Prime; img_size=\u00a0\u00bbfull\u00a0\u00bb alignment=\u00a0\u00bbcenter\u00a0\u00bb image_hovers=\u00a0\u00bbfalse\u00a0\u00bb][\/vc_column_inner][\/vc_row_inner][\/vc_column][\/vc_row]<\/p>\n<\/div>","protected":false},"excerpt":{"rendered":"<p>[vc_row][vc_column][rev_slider_vc alias=\u00a0\u00bbtior\u00a0\u00bb][\/vc_column][\/vc_row][vc_row][vc_column][vc_row_inner][vc_column_inner width=\u00a0\u00bb1\/2&Prime;][vc_column_text]TIOR est la marque commercial des l\u00e9gumes de qualit\u00e9 avec laquelle est distribu\u00e9e la production mara\u00eech\u00e8re de la Federazione Ortofrutticola Ticinese (FOFT) et des partenaires qui collaborent avec elle. Cette marque renferme dans ses quatre lettres tous le patrimoine de valeurs, traditions, travail, passion, saveurs, parfums, authenticit\u00e9 et fra\u00eecheur, qui rend unique et&hellip;<\/p>\n","protected":false},"author":1,"featured_media":0,"parent":0,"menu_order":0,"comment_status":"closed","ping_status":"closed","template":"","meta":{"footnotes":""},"class_list":["post-2048","page","type-page","status-publish","hentry","description-off"],"_links":{"self":[{"href":"https:\/\/tior.ch\/webtior\/fr\/wp-json\/wp\/v2\/pages\/2048","targetHints":{"allow":["GET"]}}],"collection":[{"href":"https:\/\/tior.ch\/webtior\/fr\/wp-json\/wp\/v2\/pages"}],"about":[{"href":"https:\/\/tior.ch\/webtior\/fr\/wp-json\/wp\/v2\/types\/page"}],"author":[{"embeddable":true,"href":"https:\/\/tior.ch\/webtior\/fr\/wp-json\/wp\/v2\/users\/1"}],"replies":[{"embeddable":true,"href":"https:\/\/tior.ch\/webtior\/fr\/wp-json\/wp\/v2\/comments?post=2048"}],"version-history":[{"count":3,"href":"https:\/\/tior.ch\/webtior\/fr\/wp-json\/wp\/v2\/pages\/2048\/revisions"}],"predecessor-version":[{"id":2052,"href":"https:\/\/tior.ch\/webtior\/fr\/wp-json\/wp\/v2\/pages\/2048\/revisions\/2052"}],"wp:attachment":[{"href":"https:\/\/tior.ch\/webtior\/fr\/wp-json\/wp\/v2\/media?parent=2048"}],"curies":[{"name":"wp","href":"https:\/\/api.w.org\/{rel}","templated":true}]}}