{"id":2059,"date":"2017-02-23T14:28:01","date_gmt":"2017-02-23T14:28:01","guid":{"rendered":"http:\/\/www.tior.ch\/tior\/distribuzione\/"},"modified":"2017-03-22T08:36:14","modified_gmt":"2017-03-22T08:36:14","slug":"distribution","status":"publish","type":"page","link":"https:\/\/tior.ch\/webtior\/fr\/tior\/distribution\/","title":{"rendered":"Distribution"},"content":{"rendered":"<div class=\"wpb-content-wrapper\"><p>[vc_row][vc_column][rev_slider_vc alias=\u00a0\u00bblogisticafr\u00a0\u00bb][\/vc_column][\/vc_row][vc_row][vc_column][vc_row_inner][vc_column_inner width=\u00a0\u00bb1\/2&Prime;][vc_column_text]La nouvelle centrale de distribution de la FOFT a \u00e9t\u00e9 inaugur\u00e9e en 2009 pour r\u00e9pondre aux d\u00e9fis d\u2019un march\u00e9 toujours plus comp\u00e9titif et pour optimiser la logistique. L\u2019\u00e9difice s\u2019\u00e9tend sur eviro 5\u2019000 m\u00e8tres carr\u00e9s, avec un volume d\u2019environs 53\u2019000 m\u00e8tres cubes.[\/vc_column_text][\/vc_column_inner][vc_column_inner width=\u00a0\u00bb1\/2&Prime;][vc_column_text]Au centre, des locaux frigorifiques on \u00e9t\u00e9 construits, et tout autour sont disposes les secteurs pour les diverses activit\u00e9s attach\u00e9es \u00e0 la preparation et la commercialization des legumes. Quelques zones centrales sont lou\u00e9es par des partenaires comme la compagnie Linea Verde Bio (Ligne Verte Bio) qui se consacre au commerce de legumes Bio, et par la compagnie de transports FT Logistics.[\/vc_column_text][\/vc_column_inner][\/vc_row_inner][vc_row_inner][vc_column_inner][vc_single_image image=\u00a0\u00bb263&Prime; img_size=\u00a0\u00bbfull\u00a0\u00bb alignment=\u00a0\u00bbcenter\u00a0\u00bb image_hovers=\u00a0\u00bbfalse\u00a0\u00bb][\/vc_column_inner][\/vc_row_inner][vc_row_inner][vc_column_inner width=\u00a0\u00bb1\/3&Prime;]<div class=\"aio-icon-component    style_1\"><div id=\"Info-box-wrap-9281\" class=\"aio-icon-box default-icon\" style=\"\"  ><div class=\"aio-icon-default\"><div class=\"ult-just-icon-wrapper  \"><div class=\"align-icon\" style=\"text-align:center;\">\n<div class=\"aio-icon circle \"  style=\"color:#ffffff;background:#97bf16;font-size:48px;display:inline-block;\">\n\t<i class=\"Defaults-sign-in\"><\/i>\n<\/div><\/div><\/div><\/div><div class=\"aio-icon-header\" ><h3 class=\"aio-icon-title ult-responsive\"  data-ultimate-target='#Info-box-wrap-9281 .aio-icon-title'  data-responsive-json-new='{\"font-size\":\"\",\"line-height\":\"\"}'  style=\"\">LIVRAISON<\/h3><\/div> <!-- header --><div class=\"aio-icon-description ult-responsive\"  data-ultimate-target='#Info-box-wrap-9281 .aio-icon-description'  data-responsive-json-new='{\"font-size\":\"\",\"line-height\":\"\"}'  style=\"\">Arriv\u00e9 au Centre collecteur, le producteur d\u00e9charge sa r\u00e9colte, brute ou partiellement transform\u00e9e, conform\u00e9ment \u00e0 la commande re\u00e7ue de la part du service commercial.<\/div> <!-- description --><\/div> <!-- aio-icon-box --><\/div> <!-- aio-icon-component -->[\/vc_column_inner][vc_column_inner width=\u00a0\u00bb1\/3&Prime;]<div class=\"aio-icon-component    style_1\"><div id=\"Info-box-wrap-5099\" class=\"aio-icon-box default-icon\" style=\"\"  ><div class=\"aio-icon-default\"><div class=\"ult-just-icon-wrapper  \"><div class=\"align-icon\" style=\"text-align:center;\">\n<div class=\"aio-icon circle \"  style=\"color:#ffffff;background:#97bf16;font-size:48px;display:inline-block;\">\n\t<i class=\"Defaults-search\"><\/i>\n<\/div><\/div><\/div><\/div><div class=\"aio-icon-header\" ><h3 class=\"aio-icon-title ult-responsive\"  data-ultimate-target='#Info-box-wrap-5099 .aio-icon-title'  data-responsive-json-new='{\"font-size\":\"\",\"line-height\":\"\"}'  style=\"\">CONTR\u00d4LE DES MARCHANDISES<\/h3><\/div> <!-- header --><div class=\"aio-icon-description ult-responsive\"  data-ultimate-target='#Info-box-wrap-5099 .aio-icon-description'  data-responsive-json-new='{\"font-size\":\"\",\"line-height\":\"\"}'  style=\"\">\u00c0 peine d\u00e9charg\u00e9s, les l\u00e9gumes sont soumis \u00e0 plusieurs contr\u00f4les pour v\u00e9rifier que les normes de qualit\u00e9 (par ex.: poids, calibre, degr\u00e9 de maturation\u2026) soient bien atteintes. Chaque lot re\u00e7oit ensuite un num\u00e9ro d\u2019identification qui en assure la tra\u00e7abilit\u00e9 jusqu\u2019au consommateur final.<\/div> <!-- description --><\/div> <!-- aio-icon-box --><\/div> <!-- aio-icon-component -->[\/vc_column_inner][vc_column_inner width=\u00a0\u00bb1\/3&Prime;]<div class=\"aio-icon-component    style_1\"><div id=\"Info-box-wrap-8322\" class=\"aio-icon-box default-icon\" style=\"\"  ><div class=\"aio-icon-default\"><div class=\"ult-just-icon-wrapper  \"><div class=\"align-icon\" style=\"text-align:center;\">\n<div class=\"aio-icon circle \"  style=\"color:#ffffff;background:#97bf16;font-size:48px;display:inline-block;\">\n\t<i class=\"Defaults-th\"><\/i>\n<\/div><\/div><\/div><\/div><div class=\"aio-icon-header\" ><h3 class=\"aio-icon-title ult-responsive\"  data-ultimate-target='#Info-box-wrap-8322 .aio-icon-title'  data-responsive-json-new='{\"font-size\":\"\",\"line-height\":\"\"}'  style=\"\">STOCKAGE<\/h3><\/div> <!-- header --><div class=\"aio-icon-description ult-responsive\"  data-ultimate-target='#Info-box-wrap-8322 .aio-icon-description'  data-responsive-json-new='{\"font-size\":\"\",\"line-height\":\"\"}'  style=\"\">D\u00e8s que possible, chaque cat\u00e9gorie de l\u00e9gume sera transf\u00e9r\u00e9e en chambre froide, pour y \u00eatre stock\u00e9e \u00e0 temp\u00e9rature et taux d\u2019humidit\u00e9 ad\u00e9quats. Notre personnel sp\u00e9cialis\u00e9 veille constamment \u00e0 maintenir les taux de rotation des l\u00e9gumes le plus \u00e9lev\u00e9 possible. Les dimensions des cellules frigorifiques sont telles, qu\u2019en attendant de la vendre, toute la production peut \u00eatre stock\u00e9e de mani\u00e8re centralis\u00e9e, ce qui \u00e9vite beaucoup de chargements inutiles sur les exploitations.<\/div> <!-- description --><\/div> <!-- aio-icon-box --><\/div> <!-- aio-icon-component -->[\/vc_column_inner][\/vc_row_inner][vc_row_inner][vc_column_inner width=\u00a0\u00bb1\/3&Prime;]<div class=\"aio-icon-component    style_1\"><div id=\"Info-box-wrap-4343\" class=\"aio-icon-box default-icon\" style=\"\"  ><div class=\"aio-icon-default\"><div class=\"ult-just-icon-wrapper  \"><div class=\"align-icon\" style=\"text-align:center;\">\n<div class=\"aio-icon circle \"  style=\"color:#ffffff;background:#97bf16;font-size:48px;display:inline-block;\">\n\t<i class=\"Defaults-crosshairs\"><\/i>\n<\/div><\/div><\/div><\/div><div class=\"aio-icon-header\" ><h3 class=\"aio-icon-title ult-responsive\"  data-ultimate-target='#Info-box-wrap-4343 .aio-icon-title'  data-responsive-json-new='{\"font-size\":\"\",\"line-height\":\"\"}'  style=\"\">CALIBRAGE<\/h3><\/div> <!-- header --><div class=\"aio-icon-description ult-responsive\"  data-ultimate-target='#Info-box-wrap-4343 .aio-icon-description'  data-responsive-json-new='{\"font-size\":\"\",\"line-height\":\"\"}'  style=\"\">La Centrale est \u00e9quip\u00e9e pour pouvoir calibrer les concombres, les courgettes, les tomates et les tomates-cerises. La centralisation du calibrage pr\u00e9sente des avantages manifestes: r\u00e9actions rapides, flexibles et cibl\u00e9es aux fluctuations du march\u00e9 avec, de surcro\u00eet, de la marchandise de qualit\u00e9 constante, tout en d\u00e9chargeant les producteurs de cette t\u00e2che.<\/div> <!-- description --><\/div> <!-- aio-icon-box --><\/div> <!-- aio-icon-component -->[\/vc_column_inner][vc_column_inner width=\u00a0\u00bb1\/3&Prime;]<div class=\"aio-icon-component    style_1\"><div id=\"Info-box-wrap-9034\" class=\"aio-icon-box default-icon\" style=\"\"  ><div class=\"aio-icon-default\"><div class=\"ult-just-icon-wrapper  \"><div class=\"align-icon\" style=\"text-align:center;\">\n<div class=\"aio-icon circle \"  style=\"color:#ffffff;background:#97bf16;font-size:48px;display:inline-block;\">\n\t<i class=\"Defaults-cogs gears\"><\/i>\n<\/div><\/div><\/div><\/div><div class=\"aio-icon-header\" ><h3 class=\"aio-icon-title ult-responsive\"  data-ultimate-target='#Info-box-wrap-9034 .aio-icon-title'  data-responsive-json-new='{\"font-size\":\"\",\"line-height\":\"\"}'  style=\"\">CONDITIONNEMENT<\/h3><\/div> <!-- header --><div class=\"aio-icon-description ult-responsive\"  data-ultimate-target='#Info-box-wrap-9034 .aio-icon-description'  data-responsive-json-new='{\"font-size\":\"\",\"line-height\":\"\"}'  style=\"\">Une partie des l\u00e9gumes livr\u00e9s par les producteurs est imm\u00e9diatement appr\u00eat\u00e9e et conditionn\u00e9e dans l\u2019infrastructure du Centre, conform\u00e9ment aux souhaits du client. Ces processus peuvent aller d\u2019un simple lavage des l\u00e9gumes bruts \u00e0 un conditionnement sophistiqu\u00e9 en sachets ou en barquettes personnalis\u00e9(e)s avec des \u00e9tiquettes indiquant poids et prix, toujours en fonction de ce qu\u2019\u00e0 demand\u00e9 le client.<\/div> <!-- description --><\/div> <!-- aio-icon-box --><\/div> <!-- aio-icon-component -->[\/vc_column_inner][vc_column_inner width=\u00a0\u00bb1\/3&Prime;]<div class=\"aio-icon-component    style_1\"><div id=\"Info-box-wrap-7761\" class=\"aio-icon-box default-icon\" style=\"\"  ><div class=\"aio-icon-default\"><div class=\"ult-just-icon-wrapper  \"><div class=\"align-icon\" style=\"text-align:center;\">\n<div class=\"aio-icon circle \"  style=\"color:#ffffff;background:#97bf16;font-size:48px;display:inline-block;\">\n\t<i class=\"Defaults-share-square-o\"><\/i>\n<\/div><\/div><\/div><\/div><div class=\"aio-icon-header\" ><h3 class=\"aio-icon-title ult-responsive\"  data-ultimate-target='#Info-box-wrap-7761 .aio-icon-title'  data-responsive-json-new='{\"font-size\":\"\",\"line-height\":\"\"}'  style=\"\">DISTRIBUTION AUX GROSSISTE ET REVENDEURS<\/h3><\/div> <!-- header --><div class=\"aio-icon-description ult-responsive\"  data-ultimate-target='#Info-box-wrap-7761 .aio-icon-description'  data-responsive-json-new='{\"font-size\":\"\",\"line-height\":\"\"}'  style=\"\">En se r\u00e9f\u00e9rant aux bulletins de commande, nos collaborateurs pr\u00e9parent la marchandise avec soin, s\u2019assurent une derni\u00e8re fois que rien ne manque et \u2013 en particulier \u2013 de la fra\u00eecheur irr\u00e9prochable que fait notre fiert\u00e9. Pour le transport, nous avons mandat\u00e9 une entreprise qui assure la livraison \u00e0 travers toute la Suisse. Notre r\u00e9ussite \u00e9conomique d\u00e9pend de mani\u00e8re cruciale de la rationalisation extr\u00eame de ces \u00e9tapes: la rapidit\u00e9 avec laquelle nous r\u00e9agissons \u00e0 la demande du march\u00e9 influence directement nos temps de rotation.<\/div> <!-- description --><\/div> <!-- aio-icon-box --><\/div> <!-- aio-icon-component -->[\/vc_column_inner][\/vc_row_inner][\/vc_column][\/vc_row]<\/p>\n<\/div>","protected":false},"excerpt":{"rendered":"<p>[vc_row][vc_column][rev_slider_vc alias=\u00a0\u00bblogisticafr\u00a0\u00bb][\/vc_column][\/vc_row][vc_row][vc_column][vc_row_inner][vc_column_inner width=\u00a0\u00bb1\/2&Prime;][vc_column_text]La nouvelle centrale de distribution de la FOFT a \u00e9t\u00e9 inaugur\u00e9e en 2009 pour r\u00e9pondre aux d\u00e9fis d\u2019un march\u00e9 toujours plus comp\u00e9titif et pour optimiser la logistique. L\u2019\u00e9difice s\u2019\u00e9tend sur eviro 5\u2019000 m\u00e8tres carr\u00e9s, avec un volume d\u2019environs 53\u2019000 m\u00e8tres cubes.[\/vc_column_text][\/vc_column_inner][vc_column_inner width=\u00a0\u00bb1\/2&Prime;][vc_column_text]Au centre, des locaux frigorifiques on \u00e9t\u00e9 construits, et tout autour sont&hellip;<\/p>\n","protected":false},"author":1,"featured_media":0,"parent":2048,"menu_order":0,"comment_status":"closed","ping_status":"closed","template":"","meta":{"footnotes":""},"class_list":["post-2059","page","type-page","status-publish","hentry","description-off"],"_links":{"self":[{"href":"https:\/\/tior.ch\/webtior\/fr\/wp-json\/wp\/v2\/pages\/2059","targetHints":{"allow":["GET"]}}],"collection":[{"href":"https:\/\/tior.ch\/webtior\/fr\/wp-json\/wp\/v2\/pages"}],"about":[{"href":"https:\/\/tior.ch\/webtior\/fr\/wp-json\/wp\/v2\/types\/page"}],"author":[{"embeddable":true,"href":"https:\/\/tior.ch\/webtior\/fr\/wp-json\/wp\/v2\/users\/1"}],"replies":[{"embeddable":true,"href":"https:\/\/tior.ch\/webtior\/fr\/wp-json\/wp\/v2\/comments?post=2059"}],"version-history":[{"count":2,"href":"https:\/\/tior.ch\/webtior\/fr\/wp-json\/wp\/v2\/pages\/2059\/revisions"}],"predecessor-version":[{"id":2062,"href":"https:\/\/tior.ch\/webtior\/fr\/wp-json\/wp\/v2\/pages\/2059\/revisions\/2062"}],"up":[{"embeddable":true,"href":"https:\/\/tior.ch\/webtior\/fr\/wp-json\/wp\/v2\/pages\/2048"}],"wp:attachment":[{"href":"https:\/\/tior.ch\/webtior\/fr\/wp-json\/wp\/v2\/media?parent=2059"}],"curies":[{"name":"wp","href":"https:\/\/api.w.org\/{rel}","templated":true}]}}