{"id":2139,"date":"2017-02-24T08:48:10","date_gmt":"2017-02-24T08:48:10","guid":{"rendered":"http:\/\/www.tior.ch\/energy-we-care\/"},"modified":"2021-04-08T13:58:45","modified_gmt":"2021-04-08T13:58:45","slug":"energy-we-care","status":"publish","type":"page","link":"https:\/\/tior.ch\/webtior\/fr\/energy-we-care\/","title":{"rendered":"Energy we care"},"content":{"rendered":"<div class=\"wpb-content-wrapper\"><p>[vc_row type=\u00a0\u00bbvc_default\u00a0\u00bb full_width=\u00a0\u00bbstretch_row\u00a0\u00bb margin_top=\u00a0\u00bb-50px\u00a0\u00bb bg_type=\u00a0\u00bbbg_color\u00a0\u00bb bg_override=\u00a0\u00bbex-full\u00a0\u00bb css=\u00a0\u00bb.vc_custom_1490098472764{margin-bottom: -70px !important;padding-top: 0px !important;}\u00a0\u00bb bg_color_value=\u00a0\u00bb#abdbef\u00a0\u00bb][vc_column css=\u00a0\u00bb.vc_custom_1487926303029{margin-top: 0px !important;padding-top: 0px !important;}\u00a0\u00bb][rev_slider_vc alias=\u00a0\u00bbwe-care\u00a0\u00bb][vc_row_inner css=\u00a0\u00bb.vc_custom_1487926460454{padding-right: 15px !important;padding-left: 15px !important;background-color: #ffffff !important;border-radius: 5px !important;}\u00a0\u00bb][vc_column_inner width=\u00a0\u00bb1\/2&Prime;][vc_column_text]\u00abEnergy, we care!\u00bb. Ce simple slogan r\u00e9sume parfaitement l\u2019engagement constant de la FOFT et de TIOR en faveur de l\u2019environnement et du milieu rural. Cet engagement r\u00e9pond \u00e0 une sensibilit\u00e9 environnementale accrue et se traduit aujourd\u2019hui \u00e9galement au niveau visuel par un marquage sp\u00e9cifique et une campagne m\u00e9diatique, instruments destin\u00e9s \u00e0 faire conna\u00eetre non seulement la philosophie d\u2019entreprise en faveur de l\u2019\u00e9nergie renouvelable au grand public, mais aussi toutes les mesures prises au cours des ans par la FOFT et ses membres.\u00a0Cette \u00e9volution \u00abverte\u00bb a \u00e9t\u00e9 marqu\u00e9e par les \u00e9tapes principales suivantes:<\/p>\n<p><em><strong>\u2022 2008<\/strong><\/em> \u2013 Construction du nouveau centre de distribution de la FOFT \u00e0 Cadenazzo avec des solutions architecturales particuli\u00e8res et des mat\u00e9riaux aussi \u00e9cologiques que possible, tels le bois<br \/>\n<em><strong>\u2022 2013<\/strong><\/em> \u2013 Raccordement de diverses exploitations agricoles au r\u00e9seau de chauffage urbain de la r\u00e9gion de Bellinzona[\/vc_column_text][\/vc_column_inner][vc_column_inner width=\u00a0\u00bb1\/2&Prime;][vc_column_text]<em><strong>\u2022 2014<\/strong><\/em> \u2013 Montage d\u2019une grande installation de panneaux photovolta\u00efques sur le toit du centre de la FOFT<br \/>\n<em><strong>\u2022 2015<\/strong><\/em> \u2013 Construction d\u2019un syst\u00e8me automatique au sol dans le centre de distribution de la FOFT permettant de r\u00e9cup\u00e9rer les d\u00e9chets v\u00e9g\u00e9taux et de les livrer \u00e0 l\u2019installation Biogas Piano \u00e0 Magadino.<br \/>\n<em><strong>\u2022 2016<\/strong><\/em> \u2013 Cr\u00e9ation d\u2019une marque pour la promotion des activit\u00e9s \u00e9cologiques de FOFT et TIOR &#8211; \u00ab\u00a0Energy We Care\u00a0\u00bb.<br \/>\n<em><strong>\u2022 2020<\/strong><\/em> \u2013 Etude et conception d\u2019innovations technologiques durables pour la culture en serre.<\/p>\n<p>La r\u00e9duction de l\u2019utilisation d\u2019\u00e9nergie fossile et une sensibilit\u00e9 environnementale renforc\u00e9e passent aussi par des m\u00e9thodes de plus en plus respectueuses de l\u2019environnement, le tri des d\u00e9chets (papier, plastique, PET, verre, d\u00e9chets v\u00e9g\u00e9taux, aluminium), l\u2019utilisation de papier recycl\u00e9 FSC (Forest Stewardship Council) ainsi que la rationalisation des processus productifs et de la gestion des flux de travail et de la production (gestion des cultures).[\/vc_column_text][\/vc_column_inner][\/vc_row_inner][vc_row_inner equal_height=\u00a0\u00bbyes\u00a0\u00bb content_placement=\u00a0\u00bbmiddle\u00a0\u00bb][vc_column_inner width=\u00a0\u00bb1\/3&Prime;][vc_single_image image=\u00a0\u00bb2145&Prime; img_size=\u00a0\u00bbfull\u00a0\u00bb alignment=\u00a0\u00bbcenter\u00a0\u00bb image_hovers=\u00a0\u00bbfalse\u00a0\u00bb][\/vc_column_inner][vc_column_inner width=\u00a0\u00bb2\/3&Prime;][vc_single_image image=\u00a0\u00bb436&Prime; img_size=\u00a0\u00bbfull\u00a0\u00bb alignment=\u00a0\u00bbcenter\u00a0\u00bb image_hovers=\u00a0\u00bbfalse\u00a0\u00bb][\/vc_column_inner][\/vc_row_inner][vc_row_inner][vc_column_inner width=\u00a0\u00bb1\/2&Prime;][vc_column_text]Le r\u00e9seau de chauffage urbain de la r\u00e9gion de Bellinzona inaugur\u00e9 en 2013 est un projet de Teris SA, une soci\u00e9t\u00e9 n\u00e9e de la collaboration entre l\u2019Azienda Elettrica Ticinese (AET), l\u2019Azienda Cantonale dei Rifiuti (ACR) et la commune de Giubiasco. L\u2019objectif est de diffuser la chaleur dans la r\u00e9gion, en r\u00e9cup\u00e9rant et en valorisant au mieux l\u2019\u00e9nergie issue du traitement thermique des d\u00e9chets par la centrale cantonale thermique de traitement des d\u00e9chets de Giubiasco (ICTR).<br \/>\nLe chauffage urbain est un r\u00e9seau de tuyaux souterrains isol\u00e9s distribuant la chaleur sous forme d\u2019eau chaude produite par une seule installation centrale. Cette chaleur est destin\u00e9e aux zones d\u2019habitation, aux commerces, aux h\u00f4pitaux, \u00e0 l\u2019artisanat ou \u00e0 l\u2019industrie (information suppl\u00e9mentaire sur\u00a0<a href=\"http:\/\/www.teris.ch\/\" target=\"_blank\" rel=\"noopener\">www.teris.ch<\/a>).[\/vc_column_text][\/vc_column_inner][vc_column_inner width=\u00a0\u00bb1\/2&Prime;][vc_column_text]Souhaitant valoriser les \u00e9nergies renouvelables, surtout d\u2019origine locale, diverses exploitations agricoles associ\u00e9es \u00e0 la FOFT ont d\u00e9cid\u00e9 d\u2019utiliser le chauffage urbain pour chauffer leurs serres. Le bilan environnemental est particuli\u00e8rement int\u00e9ressant. Utilisateurs secondaires, ces exploitations emploient la chaleur r\u00e9siduelle qui se trouve dans la conduite de retour d\u2019utilisateurs industriels ayant besoin de temp\u00e9ratures \u00e9lev\u00e9es.<br \/>\nD\u2019autres aspects positifs sont la non-utilisation de combustibles fossiles et la s\u00e9curit\u00e9 de l\u2019approvisionnement \u00e9nerg\u00e9tique.[\/vc_column_text][\/vc_column_inner][\/vc_row_inner][vc_row_inner equal_height=\u00a0\u00bbyes\u00a0\u00bb content_placement=\u00a0\u00bbmiddle\u00a0\u00bb][vc_column_inner width=\u00a0\u00bb2\/3&Prime;][vc_single_image image=\u00a0\u00bb445&Prime; img_size=\u00a0\u00bbfull\u00a0\u00bb alignment=\u00a0\u00bbcenter\u00a0\u00bb image_hovers=\u00a0\u00bbfalse\u00a0\u00bb][\/vc_column_inner][vc_column_inner width=\u00a0\u00bb1\/3&Prime;][vc_single_image image=\u00a0\u00bb2151&Prime; img_size=\u00a0\u00bbfull\u00a0\u00bb alignment=\u00a0\u00bbcenter\u00a0\u00bb image_hovers=\u00a0\u00bbfalse\u00a0\u00bb][\/vc_column_inner][\/vc_row_inner][vc_row_inner][vc_column_inner width=\u00a0\u00bb1\/2&Prime;][vc_column_text]L\u2019installation photovolta\u00efque r\u00e9alis\u00e9e en 2014 sur le toit du centre de distribution de la FOFT \u00e0 Cadenazzo s\u2019inscrit \u00e9galement dans le cadre de la strat\u00e9gie et des projets visant \u00e0 prot\u00e9ger l\u2019environnement et le milieu rural, ressources pr\u00e9cieuses pour le secteur mara\u00eecher. L\u2019installation de panneaux solaires constituait une priorit\u00e9 depuis 2008, ann\u00e9e de construction du centre de distribution. D\u2019autres installations photovolta\u00efques se trouvent sur diverses exploitations des producteurs affili\u00e9s, ce qui prouve la volont\u00e9 commune du secteur de se lancer avec d\u00e9termination dans un processus \u00abvertueux\u00bb de d\u00e9veloppement des \u00e9nergies renouvelables.[\/vc_column_text][\/vc_column_inner][vc_column_inner width=\u00a0\u00bb1\/2&Prime;][vc_column_text]L\u2019installation mise en service le 9 ao\u00fbt 2014 par Agere SA \u00e0 Chiasso (<a href=\"http:\/\/www.age-re.ch\/\" target=\"_blank\" rel=\"noopener\">www.age-re.ch<\/a>) se compose de 1.344 modules de 255 Wp (342.72 kwp install\u00e9s) produisant 375 371 kwh par ann\u00e9e avec une production sp\u00e9cifique de 1095 kwh\/kwp. L\u2019\u00e9nergie produite par l\u2019installation couvre pr\u00e8s de 50% des besoins \u00e9nerg\u00e9tiques de la FOFT. La soci\u00e9t\u00e9 Agere SA a \u00e9t\u00e9 fond\u00e9e en 2008 \u00e0 Chiasso dans le but de d\u00e9velopper les installations photovolta\u00efques au Tessin.[\/vc_column_text][\/vc_column_inner][\/vc_row_inner][vc_row_inner equal_height=\u00a0\u00bbyes\u00a0\u00bb content_placement=\u00a0\u00bbmiddle\u00a0\u00bb][vc_column_inner width=\u00a0\u00bb1\/3&Prime;][vc_single_image image=\u00a0\u00bb2157&Prime; img_size=\u00a0\u00bbfull\u00a0\u00bb alignment=\u00a0\u00bbcenter\u00a0\u00bb image_hovers=\u00a0\u00bbfalse\u00a0\u00bb][\/vc_column_inner][vc_column_inner width=\u00a0\u00bb2\/3&Prime;][vc_single_image image=\u00a0\u00bb451&Prime; img_size=\u00a0\u00bbfull\u00a0\u00bb alignment=\u00a0\u00bbcenter\u00a0\u00bb image_hovers=\u00a0\u00bbfalse\u00a0\u00bb][\/vc_column_inner][\/vc_row_inner][vc_row_inner][vc_column_inner width=\u00a0\u00bb1\/2&Prime;][vc_column_text]En 2015, le centre de distribution de la FOFT s\u2019est dot\u00e9 d\u2019une installation moderne pour \u00e9liminer \u00e9cologiquement les d\u00e9chets issus de la pr\u00e9paration des l\u00e9gumes. Les d\u00e9chets sont r\u00e9cup\u00e9r\u00e9s de mani\u00e8re automatique dans des canaux munis d\u2019une vis sans fins install\u00e9s au sol le long de tous les postes de pr\u00e9paration des l\u00e9gumes. Les d\u00e9chets sont ensuite dirig\u00e9s vers un broyeur sp\u00e9cial qui les broie et les transforme en bouillie. Cette masse est livr\u00e9e dans des citernes \u00e0 l\u2019installation Biogas Ticino SA situ\u00e9e dans la zone industrielle de Cadenazzo. La fermentation m\u00e9sophile \u00e0 37\u00b0\/ 39\u00b0 dans le digesteur permet de produire du gaz naturel (m\u00e9thane). Le courant \u00e9lectrique produit par le moteur de 330 Kw \u00e9quivaut \u00e0 la consommation de 500 unit\u00e9s d\u2019habitation et la chaleur est utilis\u00e9e pour le s\u00e9chage du bois.[\/vc_column_text][\/vc_column_inner][vc_column_inner width=\u00a0\u00bb1\/2&Prime;][vc_column_text]L\u2019\u00e9nergie \u00e9lectrique est inject\u00e9e dans le r\u00e9seau \u00e9lectrique et est vendue comme \u00e9nergie verte. La \u00ab\u00a0digestion\u00a0\u00bb fournit un produit d\u2019amendement enrichi de haute qualit\u00e9, utilis\u00e9 pour fertiliser les champs en vue d\u2019am\u00e9liorer leur structure et la fertilit\u00e9.<br \/>\nLa premi\u00e8re installation de biogaz du Tessin a \u00e9t\u00e9 inaugur\u00e9e en 2011 par sol-E Suisse SA, une filiale des Forces motrices bernoises FMB\/BKW SA, en partenariat avec Masseria Ramello et Orticola Bassi SA.[\/vc_column_text][\/vc_column_inner][\/vc_row_inner][\/vc_column][\/vc_row]<\/p>\n<\/div>","protected":false},"excerpt":{"rendered":"<p>[vc_row type=\u00a0\u00bbvc_default\u00a0\u00bb full_width=\u00a0\u00bbstretch_row\u00a0\u00bb margin_top=\u00a0\u00bb-50px\u00a0\u00bb bg_type=\u00a0\u00bbbg_color\u00a0\u00bb bg_override=\u00a0\u00bbex-full\u00a0\u00bb css=\u00a0\u00bb.vc_custom_1490098472764{margin-bottom: -70px !important;padding-top: 0px !important;}\u00a0\u00bb bg_color_value=\u00a0\u00bb#abdbef\u00a0\u00bb][vc_column css=\u00a0\u00bb.vc_custom_1487926303029{margin-top: 0px !important;padding-top: 0px !important;}\u00a0\u00bb][rev_slider_vc alias=\u00a0\u00bbwe-care\u00a0\u00bb][vc_row_inner css=\u00a0\u00bb.vc_custom_1487926460454{padding-right: 15px !important;padding-left: 15px !important;background-color: #ffffff !important;border-radius: 5px !important;}\u00a0\u00bb][vc_column_inner width=\u00a0\u00bb1\/2&Prime;][vc_column_text]\u00abEnergy, we care!\u00bb. Ce simple slogan r\u00e9sume parfaitement l\u2019engagement constant de la FOFT et de TIOR en faveur de l\u2019environnement et du milieu rural. Cet engagement r\u00e9pond \u00e0&hellip;<\/p>\n","protected":false},"author":1,"featured_media":0,"parent":0,"menu_order":0,"comment_status":"closed","ping_status":"closed","template":"","meta":{"footnotes":""},"class_list":["post-2139","page","type-page","status-publish","hentry","description-off"],"_links":{"self":[{"href":"https:\/\/tior.ch\/webtior\/fr\/wp-json\/wp\/v2\/pages\/2139","targetHints":{"allow":["GET"]}}],"collection":[{"href":"https:\/\/tior.ch\/webtior\/fr\/wp-json\/wp\/v2\/pages"}],"about":[{"href":"https:\/\/tior.ch\/webtior\/fr\/wp-json\/wp\/v2\/types\/page"}],"author":[{"embeddable":true,"href":"https:\/\/tior.ch\/webtior\/fr\/wp-json\/wp\/v2\/users\/1"}],"replies":[{"embeddable":true,"href":"https:\/\/tior.ch\/webtior\/fr\/wp-json\/wp\/v2\/comments?post=2139"}],"version-history":[{"count":4,"href":"https:\/\/tior.ch\/webtior\/fr\/wp-json\/wp\/v2\/pages\/2139\/revisions"}],"predecessor-version":[{"id":3662,"href":"https:\/\/tior.ch\/webtior\/fr\/wp-json\/wp\/v2\/pages\/2139\/revisions\/3662"}],"wp:attachment":[{"href":"https:\/\/tior.ch\/webtior\/fr\/wp-json\/wp\/v2\/media?parent=2139"}],"curies":[{"name":"wp","href":"https:\/\/api.w.org\/{rel}","templated":true}]}}