{"id":2995,"date":"2017-04-24T10:55:11","date_gmt":"2017-04-24T10:55:11","guid":{"rendered":"http:\/\/www.tior.ch\/ticino-amore-mio\/"},"modified":"2019-01-07T09:37:31","modified_gmt":"2019-01-07T09:37:31","slug":"ticino-amore-mio","status":"publish","type":"page","link":"https:\/\/tior.ch\/webtior\/fr\/ticino-amore-mio\/","title":{"rendered":"Ticino amore mio"},"content":{"rendered":"<div class=\"wpb-content-wrapper\"><p>[vc_row][vc_column][vc_row_inner equal_height=\u00a0\u00bbyes\u00a0\u00bb content_placement=\u00a0\u00bbmiddle\u00a0\u00bb][vc_column_inner width=\u00a0\u00bb1\/2&Prime;][vc_single_image image=\u00a0\u00bb2908&Prime; img_size=\u00a0\u00bbfull\u00a0\u00bb alignment=\u00a0\u00bbcenter\u00a0\u00bb image_hovers=\u00a0\u00bbfalse\u00a0\u00bb][\/vc_column_inner][vc_column_inner width=\u00a0\u00bb1\/2&Prime;][vc_column_text]<strong>Ticino Amore Mio<\/strong> est la marque sous laquelle TIOR SA commercialise dans toute la Suisse les meilleurs fruits et l\u00e9gumes cultiv\u00e9s dans le Tessin par les producteurs affili\u00e9s \u00e0 la coop\u00e9rative F.O.F.T. Cette derni\u00e8re f\u00eate ses 80 ans d\u2019existence en 2017. Pendant toutes ces ann\u00e9es, elle s\u2019est engag\u00e9e sans rel\u00e2che pour apporter des produits frais du Tessin dans l\u2019assiette des consommateurs.[\/vc_column_text][vc_column_text]L\u2019objectif de TIOR est de conduire le secteur horticole tessinois vers un avenir brillant. Pour y parvenir, elle veille \u00e0 ce que ses produits soient facilement identifiables et rep\u00e9rables dans tous les canaux de distribution.[\/vc_column_text][\/vc_column_inner][\/vc_row_inner][\/vc_column][\/vc_row][vc_row type=\u00a0\u00bbvc_default\u00a0\u00bb full_width=\u00a0\u00bbstretch_row\u00a0\u00bb equal_height=\u00a0\u00bbyes\u00a0\u00bb content_placement=\u00a0\u00bbmiddle\u00a0\u00bb bg_type=\u00a0\u00bbbg_color\u00a0\u00bb bg_color_value=\u00a0\u00bb#97bf16&Prime;][vc_column][vc_row_inner equal_height=\u00a0\u00bbyes\u00a0\u00bb content_placement=\u00a0\u00bbmiddle\u00a0\u00bb][vc_column_inner][vc_single_image image=\u00a0\u00bb2917&Prime; img_size=\u00a0\u00bbfull\u00a0\u00bb alignment=\u00a0\u00bbcenter\u00a0\u00bb image_hovers=\u00a0\u00bbfalse\u00a0\u00bb][\/vc_column_inner][\/vc_row_inner]<div class=\"ult-spacer spacer-69e170c0e15c6\" data-id=\"69e170c0e15c6\" data-height=\"25\" data-height-mobile=\"25\" data-height-tab=\"25\" data-height-tab-portrait=\"\" data-height-mobile-landscape=\"\" style=\"clear:both;display:block;\"><\/div>[\/vc_column][\/vc_row][vc_row equal_height=\u00a0\u00bbyes\u00a0\u00bb content_placement=\u00a0\u00bbmiddle\u00a0\u00bb][vc_column][vc_single_image image=\u00a0\u00bb2970&Prime; img_size=\u00a0\u00bbfull\u00a0\u00bb alignment=\u00a0\u00bbcenter\u00a0\u00bb image_hovers=\u00a0\u00bbfalse\u00a0\u00bb][vc_row_inner equal_height=\u00a0\u00bbyes\u00a0\u00bb content_placement=\u00a0\u00bbmiddle\u00a0\u00bb][vc_column_inner width=\u00a0\u00bb1\/4&Prime;][\/vc_column_inner][vc_column_inner width=\u00a0\u00bb1\/2&Prime;][vc_column_text]<\/p>\n<p style=\"text-align: center;\">Pour promouvoir au mieux cette marque synonyme de passion et d\u2019amour pour les excellents produits du terroir, nous avons choisi <strong>Dany Stauffacher<\/strong>, tessinois pur-sang, gourmet, grand passionn\u00e9 d\u2019oenogastronomie et patron de Sapori Ticino. Personne d\u2019autre que lui ne pouvait mieux pr\u00eater son visage \u00e0 l\u2019initiative <strong>Ticino Amore Mio.<\/strong><\/p>\n<p>[\/vc_column_text]<blockquote class=\"text-normal shortcode-blockquote\"><p style=\"text-align: center;\">\u201cC\u2019est un honneur pour moi d\u2019assumer ce r\u00f4le\u00a0\u00bb, nous a-t-il dit. \u00ab\u00a0J\u2019aime notre terre et ses produits et je suis tr\u00e8s heureux de pouvoir participer \u00e0 cette initiative. Contrairement \u00e0 ce que beaucoup de gens pensent, acheter des produits tessinois ne signifie pas d\u00e9penser plus\u00a0; \u00e7a signifie avoir la garantie qu\u2019il s\u2019agit de produits de qualit\u00e9 et soutenir le travail de nos paysans. Je souhaite illustrer mon propos par une image qui, selon moi, d\u00e9crit le mieux ce projet: en achetant au Tessin, je sais ce que je mange.\u201d<\/p>\n<\/blockquote>[\/vc_column_inner][vc_column_inner width=\u00a0\u00bb1\/4&Prime;][\/vc_column_inner][\/vc_row_inner]<div class=\"ult-spacer spacer-69e170c0e16e8\" data-id=\"69e170c0e16e8\" data-height=\"25\" data-height-mobile=\"25\" data-height-tab=\"25\" data-height-tab-portrait=\"\" data-height-mobile-landscape=\"\" style=\"clear:both;display:block;\"><\/div>[\/vc_column][\/vc_row]<\/p>\n<\/div>","protected":false},"excerpt":{"rendered":"<p>[vc_row][vc_column][vc_row_inner equal_height=\u00a0\u00bbyes\u00a0\u00bb content_placement=\u00a0\u00bbmiddle\u00a0\u00bb][vc_column_inner width=\u00a0\u00bb1\/2&Prime;][vc_single_image image=\u00a0\u00bb2908&Prime; img_size=\u00a0\u00bbfull\u00a0\u00bb alignment=\u00a0\u00bbcenter\u00a0\u00bb image_hovers=\u00a0\u00bbfalse\u00a0\u00bb][\/vc_column_inner][vc_column_inner width=\u00a0\u00bb1\/2&Prime;][vc_column_text]Ticino Amore Mio est la marque sous laquelle TIOR SA commercialise dans toute la Suisse les meilleurs fruits et l\u00e9gumes cultiv\u00e9s dans le Tessin par les producteurs affili\u00e9s \u00e0 la coop\u00e9rative F.O.F.T. Cette derni\u00e8re f\u00eate ses 80 ans d\u2019existence en 2017. Pendant toutes ces ann\u00e9es, elle s\u2019est&hellip;<\/p>\n","protected":false},"author":1,"featured_media":0,"parent":0,"menu_order":0,"comment_status":"closed","ping_status":"closed","template":"","meta":{"footnotes":""},"class_list":["post-2995","page","type-page","status-publish","hentry","description-off"],"_links":{"self":[{"href":"https:\/\/tior.ch\/webtior\/fr\/wp-json\/wp\/v2\/pages\/2995","targetHints":{"allow":["GET"]}}],"collection":[{"href":"https:\/\/tior.ch\/webtior\/fr\/wp-json\/wp\/v2\/pages"}],"about":[{"href":"https:\/\/tior.ch\/webtior\/fr\/wp-json\/wp\/v2\/types\/page"}],"author":[{"embeddable":true,"href":"https:\/\/tior.ch\/webtior\/fr\/wp-json\/wp\/v2\/users\/1"}],"replies":[{"embeddable":true,"href":"https:\/\/tior.ch\/webtior\/fr\/wp-json\/wp\/v2\/comments?post=2995"}],"version-history":[{"count":4,"href":"https:\/\/tior.ch\/webtior\/fr\/wp-json\/wp\/v2\/pages\/2995\/revisions"}],"predecessor-version":[{"id":3413,"href":"https:\/\/tior.ch\/webtior\/fr\/wp-json\/wp\/v2\/pages\/2995\/revisions\/3413"}],"wp:attachment":[{"href":"https:\/\/tior.ch\/webtior\/fr\/wp-json\/wp\/v2\/media?parent=2995"}],"curies":[{"name":"wp","href":"https:\/\/api.w.org\/{rel}","templated":true}]}}