{"id":2924,"date":"2017-04-24T10:55:11","date_gmt":"2017-04-24T10:55:11","guid":{"rendered":"http:\/\/www.tior.ch\/?page_id=2924\/"},"modified":"2019-01-07T09:37:13","modified_gmt":"2019-01-07T09:37:13","slug":"ticino-amore-mio","status":"publish","type":"page","link":"https:\/\/tior.ch\/webtior\/ticino-amore-mio\/","title":{"rendered":"Ticino amore mio"},"content":{"rendered":"<div class=\"wpb-content-wrapper\"><p>[vc_row][vc_column][vc_row_inner equal_height=&#8221;yes&#8221; content_placement=&#8221;middle&#8221;][vc_column_inner width=&#8221;1\/2&#8243;][vc_single_image image=&#8221;2908&#8243; img_size=&#8221;full&#8221; alignment=&#8221;center&#8221; image_hovers=&#8221;false&#8221;][\/vc_column_inner][vc_column_inner width=&#8221;1\/2&#8243;][vc_column_text]<strong>Ticino Amore Mio<\/strong> \u00e8 il marchio con cui TIOR SA commercializza in tutta la Svizzera il meglio dei prodotti ortofrutticoli coltivati in Ticino dai soci produttori affigliati della cooperativa F.O.F.T.. Nel 2017\u00a0la cooperativa F.O.F.T. compie la bellezza di 80 anni di attivit\u00e0 durante i quali si \u00e8 sempre impegnata per portare sulle tavole dei consumatori prodotti Ticinesi di alta qualit\u00e0.[\/vc_column_text][vc_column_text]L\u2019obiettivo di TIOR \u00e8 quello di garantire un futuro brillante al settore orticolo Ticinese e per questo motivo lavora costantemente affinch\u00e9 i propri prodotti siano facilmente identificabili e reperibili in ogni canale di distribuzione.[\/vc_column_text][\/vc_column_inner][\/vc_row_inner][\/vc_column][\/vc_row][vc_row type=&#8221;vc_default&#8221; full_width=&#8221;stretch_row&#8221; equal_height=&#8221;yes&#8221; content_placement=&#8221;middle&#8221; bg_type=&#8221;bg_color&#8221; bg_color_value=&#8221;#97bf16&#8243;][vc_column][vc_row_inner equal_height=&#8221;yes&#8221; content_placement=&#8221;middle&#8221;][vc_column_inner][vc_single_image image=&#8221;2917&#8243; img_size=&#8221;full&#8221; alignment=&#8221;center&#8221; image_hovers=&#8221;false&#8221;][\/vc_column_inner][\/vc_row_inner]<div class=\"ult-spacer spacer-69f34e2f2c097\" data-id=\"69f34e2f2c097\" data-height=\"25\" data-height-mobile=\"25\" data-height-tab=\"25\" data-height-tab-portrait=\"\" data-height-mobile-landscape=\"\" style=\"clear:both;display:block;\"><\/div>[\/vc_column][\/vc_row][vc_row equal_height=&#8221;yes&#8221; content_placement=&#8221;middle&#8221;][vc_column][vc_single_image image=&#8221;2970&#8243; img_size=&#8221;full&#8221; alignment=&#8221;center&#8221; image_hovers=&#8221;false&#8221;][vc_row_inner equal_height=&#8221;yes&#8221; content_placement=&#8221;middle&#8221;][vc_column_inner width=&#8221;1\/4&#8243;][\/vc_column_inner][vc_column_inner width=&#8221;1\/2&#8243;][vc_column_text]<\/p>\n<p style=\"text-align: center;\">Per promuovere al meglio questo marchio, sinonimo di passione e amore per le eccellenze del territorio, abbiamo scelto <strong>Dany Stauffacher<\/strong>, ticinese DOC e gourmand, grande appassionato di enogastronomia e patron di Sapori Ticino. Nessuno meglio di lui poteva prestare il suo volto per l\u2019iniziativa <strong>Ticino Amore Mio.<\/strong><\/p>\n<p>[\/vc_column_text]<blockquote class=\"text-normal shortcode-blockquote\"><p style=\"text-align: center;\">\u201cPer me \u00e8 un onore ricoprire questo ruolo\u201d ci ha spiegato lui stesso, \u201camo la nostra terra e i suoi prodotti e sono molto felice di poter partecipare a questa iniziativa. Comprare prodotti ticinesi non vuol dire, come in molti credono, spendere di pi\u00f9 ma significa invece garantirsi prodotti di qualit\u00e0, sostenendo il lavoro dei nostri contadini. Mi piacerebbe quindi chiudere con un mio pensiero che descrive al meglio questo progetto: Se compro in Ticino, so cosa mangio.\u201d<\/p>\n<\/blockquote>[\/vc_column_inner][vc_column_inner width=&#8221;1\/4&#8243;][\/vc_column_inner][\/vc_row_inner]<div class=\"ult-spacer spacer-69f34e2f2c1b8\" data-id=\"69f34e2f2c1b8\" data-height=\"25\" data-height-mobile=\"25\" data-height-tab=\"25\" data-height-tab-portrait=\"\" data-height-mobile-landscape=\"\" style=\"clear:both;display:block;\"><\/div>[\/vc_column][\/vc_row]<\/p>\n<\/div>","protected":false},"excerpt":{"rendered":"<p>[vc_row][vc_column][vc_row_inner equal_height=&#8221;yes&#8221; content_placement=&#8221;middle&#8221;][vc_column_inner width=&#8221;1\/2&#8243;][vc_single_image image=&#8221;2908&#8243; img_size=&#8221;full&#8221; alignment=&#8221;center&#8221; image_hovers=&#8221;false&#8221;][\/vc_column_inner][vc_column_inner width=&#8221;1\/2&#8243;][vc_column_text]Ticino Amore Mio \u00e8 il marchio con cui TIOR SA commercializza in tutta la Svizzera il meglio dei prodotti ortofrutticoli coltivati in Ticino dai soci produttori affigliati della cooperativa F.O.F.T.. Nel 2017\u00a0la cooperativa F.O.F.T. compie la bellezza di 80 anni di attivit\u00e0 durante i quali si \u00e8&hellip;<\/p>\n","protected":false},"author":1,"featured_media":0,"parent":0,"menu_order":0,"comment_status":"closed","ping_status":"closed","template":"","meta":{"footnotes":""},"class_list":["post-2924","page","type-page","status-publish","hentry","description-off"],"_links":{"self":[{"href":"https:\/\/tior.ch\/webtior\/wp-json\/wp\/v2\/pages\/2924","targetHints":{"allow":["GET"]}}],"collection":[{"href":"https:\/\/tior.ch\/webtior\/wp-json\/wp\/v2\/pages"}],"about":[{"href":"https:\/\/tior.ch\/webtior\/wp-json\/wp\/v2\/types\/page"}],"author":[{"embeddable":true,"href":"https:\/\/tior.ch\/webtior\/wp-json\/wp\/v2\/users\/1"}],"replies":[{"embeddable":true,"href":"https:\/\/tior.ch\/webtior\/wp-json\/wp\/v2\/comments?post=2924"}],"version-history":[{"count":43,"href":"https:\/\/tior.ch\/webtior\/wp-json\/wp\/v2\/pages\/2924\/revisions"}],"predecessor-version":[{"id":3412,"href":"https:\/\/tior.ch\/webtior\/wp-json\/wp\/v2\/pages\/2924\/revisions\/3412"}],"wp:attachment":[{"href":"https:\/\/tior.ch\/webtior\/wp-json\/wp\/v2\/media?parent=2924"}],"curies":[{"name":"wp","href":"https:\/\/api.w.org\/{rel}","templated":true}]}}