{"id":35,"date":"2017-02-23T09:05:58","date_gmt":"2017-02-23T09:05:58","guid":{"rendered":"http:\/\/www.tior.ch\/webtior\/?page_id=35\/"},"modified":"2017-03-21T15:40:25","modified_gmt":"2017-03-21T15:40:25","slug":"foft","status":"publish","type":"page","link":"https:\/\/tior.ch\/webtior\/foft\/","title":{"rendered":"FOFT"},"content":{"rendered":"<div class=\"wpb-content-wrapper\"><p>[vc_row][vc_column][rev_slider_vc alias=&#8221;foft&#8221;][\/vc_column][\/vc_row][vc_row][vc_column][vc_row_inner][vc_column_inner width=&#8221;3\/4&#8243;][vc_column_text]La <strong>FOFT<\/strong> Federazione Orto-Frutticola Ticinese) \u00e8 stata fondata nel 1937 per rispondere al meglio e in modo lungimirante all\u2019esigenza di commercializzare e coordinare la produzione di ortaggi in Ticino. E se a distanza di oltre 75 anni lo scopo sociale \u00e8 lo stesso, rimane immutata anche la volont\u00e0 di promuovere e difendere in modo efficace il settore orticolo cos\u00ec da garantire un futuro all\u2019agricoltura.<\/p>\n<p>La FOFT opera quindi con la ferma volont\u00e0 di salvaguardare i posti di lavoro, di mantenere il ruolo di fonte primaria di approvvigionamento, di garantire la conservazione delle aree agricole e verdi, di tutelare il paesaggio e di contribuire allo sviluppo economico e sociale del cantone. Il tutto nella consapevolezza di quanto concetti come filiere agro-alimentari corte e alimentazione sana, siano sempre pi\u00f9 importanti.[\/vc_column_text][\/vc_column_inner][vc_column_inner width=&#8221;1\/4&#8243;][vc_single_image image=&#8221;41&#8243; img_size=&#8221;full&#8221; alignment=&#8221;center&#8221; image_hovers=&#8221;false&#8221;][\/vc_column_inner][\/vc_row_inner][\/vc_column][\/vc_row]<\/p>\n<\/div>","protected":false},"excerpt":{"rendered":"<p>[vc_row][vc_column][rev_slider_vc alias=&#8221;foft&#8221;][\/vc_column][\/vc_row][vc_row][vc_column][vc_row_inner][vc_column_inner width=&#8221;3\/4&#8243;][vc_column_text]La FOFT Federazione Orto-Frutticola Ticinese) \u00e8 stata fondata nel 1937 per rispondere al meglio e in modo lungimirante all\u2019esigenza di commercializzare e coordinare la produzione di ortaggi in Ticino. E se a distanza di oltre 75 anni lo scopo sociale \u00e8 lo stesso, rimane immutata anche la volont\u00e0 di promuovere e difendere in&hellip;<\/p>\n","protected":false},"author":1,"featured_media":0,"parent":0,"menu_order":0,"comment_status":"closed","ping_status":"closed","template":"","meta":{"footnotes":""},"class_list":["post-35","page","type-page","status-publish","hentry","description-off"],"_links":{"self":[{"href":"https:\/\/tior.ch\/webtior\/wp-json\/wp\/v2\/pages\/35","targetHints":{"allow":["GET"]}}],"collection":[{"href":"https:\/\/tior.ch\/webtior\/wp-json\/wp\/v2\/pages"}],"about":[{"href":"https:\/\/tior.ch\/webtior\/wp-json\/wp\/v2\/types\/page"}],"author":[{"embeddable":true,"href":"https:\/\/tior.ch\/webtior\/wp-json\/wp\/v2\/users\/1"}],"replies":[{"embeddable":true,"href":"https:\/\/tior.ch\/webtior\/wp-json\/wp\/v2\/comments?post=35"}],"version-history":[{"count":7,"href":"https:\/\/tior.ch\/webtior\/wp-json\/wp\/v2\/pages\/35\/revisions"}],"predecessor-version":[{"id":1980,"href":"https:\/\/tior.ch\/webtior\/wp-json\/wp\/v2\/pages\/35\/revisions\/1980"}],"wp:attachment":[{"href":"https:\/\/tior.ch\/webtior\/wp-json\/wp\/v2\/media?parent=35"}],"curies":[{"name":"wp","href":"https:\/\/api.w.org\/{rel}","templated":true}]}}